{"id":1014,"date":"2019-05-02T17:41:55","date_gmt":"2019-05-02T15:41:55","guid":{"rendered":"https:\/\/www.ds.cz\/?page_id=1014"},"modified":"2023-10-12T11:33:49","modified_gmt":"2023-10-12T09:33:49","slug":"italska-438-36-praha-3","status":"publish","type":"page","link":"https:\/\/www.ds.cz\/en\/objekty-ds\/praha-3-zizkov-2\/italska-438-36-praha-3\/","title":{"rendered":"Italsk\u00e1 438\/36"},"content":{"rendered":"<hr \/>\n<div style=\"padding: 0px 30px 30px 0px;\">\n<div style=\"text-align: justify;\">\n<div style=\"padding: 30px 30px 30px 30px;\">\n<div class=\"su-row\"><div class=\"su-column su-column-size-1-2\"><div class=\"su-column-inner su-u-clearfix su-u-trim\">\n<p style=\"line-height: 1.5em; text-align: justify; width: 93%;\">Villa n. 438 which stands at the corner of Italsk\u00e1 and Vozov\u00e1 Street was&nbsp;originally a suburban summer house. It was built in the Garden of&nbsp;Eden by the surveyor Jan Holej\u0161ovsk\u00fd in the year 1870. It is the work of&nbsp;the builder Josef Vevera.<br \/>\nThe villa\u2019s facade was reconstructed in the year 1885. At that time Daniel M\u00e4rky \u2013 co-owner of engineering factory M\u00e4rky, Bromovsk\u00fd &#038; Schulz in&nbsp;Adamov \u2013 was the owner. The villa was named Tereza after his wife Therese Appolonia.<br \/>\nThe villa was given a Neo-renaissance look, the porter house was added, the outbuilding was expanded to include a greenhouse, laundry and&nbsp;a&nbsp;garden cabin. The metal sculpture of the Tyche goddess was placed in&nbsp;the garden and a fountain founded.<br \/>\nThe villa Teresa has a square floor plan. It is located in a garden, is a two storey Italian-style with stucco decoration featuring a corner tower. It has a&nbsp;basement and two floors. The basement part is a technical facility and was also intended for the accommodation of service staff. The ground floor has a representative function. On the first floor there are offices and a four-room apartment.\n<\/p>\n<\/div><\/div>\n<div class=\"su-column su-column-size-1-2\"><div class=\"su-column-inner su-u-clearfix su-u-trim\">\n<p style=\"line-height: 1.5em; text-align: justify; width: 93%;\">\nDecorative cast iron railings are attached to the roof ridge of the main truss and the tower. The garden was designed at the same time as rebuilding. The ground is supported by high stone walls on the west and north sides. The rest of the garden was surrounded by a plastered brick wall. The entrance to the property is via a gate on the west side, where the porter house is at the corner. The entrances to the building are facing the south and east sides. The most stunning feature is a balcony on the western fa\u00e7ade. There was a panoramic view of Prague, until the apartment buildings across the street were built.<br \/>\nWhen Switzerland established a consulate in Prague in 1897, M\u00e4rky was appointed the first consul and remained in the villa until his death.<br \/>\nDuring the period of the first Czech Republic the villa became the facility of the Soviet Prosecutor\u2019s Office. Frequent visitors here were left-leaning intellectuals, avantgarde artists and other sympathizers of the Soviet regime. We can find references to Villa Tereza in their work.<br \/>\nAfter the war, the building was confiscated and the Czechoslovak state acquired ownership. Now it is owned by the Czech Republic and the Diplomatic Service is responsible for managing it. The building is protected as a cultural monument of the Czech Republic.\n<\/p>\n<\/div><\/div><\/div>\n<\/div>\n<hr>\n<div style=\"margin-left: 0px;\">\n<div id=\"su_carousel_69f3477d7f9e3\" class=\"su-carousel su-carousel-centered su-carousel-pages-no su-carousel-responsive-no su-lightbox-gallery\" style=\"width:1080px;height:170px\" data-autoplay=\"\" data-speed=\"\" data-mousewheel=\"true\" data-items=\"4\" data-scroll=\"\"><div class=\"su-carousel-slides\"><div class=\"su-carousel-slide\"><a href=\"https:\/\/www.ds.cz\/wp-content\/uploads\/2023\/10\/1-scaled.jpg\" title=\"\"><img decoding=\"async\" src=\"https:\/\/www.ds.cz\/wp-content\/uploads\/2023\/10\/1-scaled.jpg\" alt=\"\" \/><\/a><\/div><div class=\"su-carousel-slide\"><a href=\"https:\/\/www.ds.cz\/wp-content\/uploads\/2023\/10\/3-scaled.jpg\" title=\"\"><img decoding=\"async\" src=\"https:\/\/www.ds.cz\/wp-content\/uploads\/2023\/10\/3-scaled.jpg\" alt=\"\" \/><\/a><\/div><div class=\"su-carousel-slide\"><a href=\"https:\/\/www.ds.cz\/wp-content\/uploads\/2023\/10\/4.jpg\" title=\"\"><img decoding=\"async\" src=\"https:\/\/www.ds.cz\/wp-content\/uploads\/2023\/10\/4-252x170.jpg\" alt=\"\" \/><\/a><\/div><div class=\"su-carousel-slide\"><a href=\"https:\/\/www.ds.cz\/wp-content\/uploads\/2023\/10\/2-scaled.jpg\" title=\"\"><img decoding=\"async\" src=\"https:\/\/www.ds.cz\/wp-content\/uploads\/2023\/10\/2-scaled.jpg\" alt=\"\" \/><\/a><\/div><\/div><div class=\"su-carousel-nav\"><div class=\"su-carousel-pagination\"><\/div><\/div><\/div>\n<\/div>\n<hr>\n<\/div>\n<\/div>\n<p style=\"line-height: 1em; text-align: justify; width: 95%;\">\n<sup> Zdroje <\/sup><br \/>\n<sup> Stavebn\u00ed archiv O\u00da Prahy 3, Um\u011bleck\u00e9 pam\u00e1tky <\/sup><br \/>\n<sup> https:\/\/pamatkovykatalog.cz\/vila-tereza-14878018 <\/sup><br \/>\n<sup> https:\/\/psnkupuje.cz\/clanek-blogu\/vila-tereza-zizkov <\/sup><br \/>\n<sup> https:\/\/www.geni.com\/search?search_type=people&#038;names=Daniela+M%C3%A4rky <\/sup>\n<\/p>\n<hr>","protected":false},"excerpt":{"rendered":"<p>Zdroje Stavebn\u00ed archiv O\u00da Prahy 3, Um\u011bleck\u00e9 pam\u00e1tky https:\/\/pamatkovykatalog.cz\/vila-tereza-14878018 https:\/\/psnkupuje.cz\/clanek-blogu\/vila-tereza-zizkov https:\/\/www.geni.com\/search?search_type=people&#038;names=Daniela+M%C3%A4rky<\/p>\n","protected":false},"author":2,"featured_media":0,"parent":1798,"menu_order":0,"comment_status":"closed","ping_status":"closed","template":"","meta":{"_acf_changed":false,"footnotes":""},"acf":[],"aioseo_notices":[],"_links":{"self":[{"href":"https:\/\/www.ds.cz\/en\/wp-json\/wp\/v2\/pages\/1014"}],"collection":[{"href":"https:\/\/www.ds.cz\/en\/wp-json\/wp\/v2\/pages"}],"about":[{"href":"https:\/\/www.ds.cz\/en\/wp-json\/wp\/v2\/types\/page"}],"author":[{"embeddable":true,"href":"https:\/\/www.ds.cz\/en\/wp-json\/wp\/v2\/users\/2"}],"replies":[{"embeddable":true,"href":"https:\/\/www.ds.cz\/en\/wp-json\/wp\/v2\/comments?post=1014"}],"version-history":[{"count":4,"href":"https:\/\/www.ds.cz\/en\/wp-json\/wp\/v2\/pages\/1014\/revisions"}],"predecessor-version":[{"id":8472,"href":"https:\/\/www.ds.cz\/en\/wp-json\/wp\/v2\/pages\/1014\/revisions\/8472"}],"up":[{"embeddable":true,"href":"https:\/\/www.ds.cz\/en\/wp-json\/wp\/v2\/pages\/1798"}],"wp:attachment":[{"href":"https:\/\/www.ds.cz\/en\/wp-json\/wp\/v2\/media?parent=1014"}],"curies":[{"name":"wp","href":"https:\/\/api.w.org\/{rel}","templated":true}]}}