{"id":1028,"date":"2019-05-02T17:46:59","date_gmt":"2019-05-02T15:46:59","guid":{"rendered":"https:\/\/www.ds.cz\/?page_id=1028"},"modified":"2021-01-05T17:55:58","modified_gmt":"2021-01-05T16:55:58","slug":"charlese-de-gaulla-915-27-praha-6","status":"publish","type":"page","link":"https:\/\/www.ds.cz\/en\/objekty-ds\/praha-6-bubenec\/charlese-de-gaulla-915-27-praha-6\/","title":{"rendered":"Charlese de Gaulla 915\/27"},"content":{"rendered":"<hr \/>\n<div style=\"padding: 0px 30px 30px 0px;\">\n<div style=\"text-align: justify;\">\n<div style=\"padding: 30px 30px 30px 30px;\">\n<div class=\"su-row\"><div class=\"su-column su-column-size-1-2\"><div class=\"su-column-inner su-u-clearfix su-u-trim\">\n<p><strong>Original owners<\/strong><\/p>\n<p style=\"line-height: 1.5em; text-align: justify; width: 93%;\">Mr. Bed\u0159ich Grosz bought a plot of land No.240\/251<sup>1<\/sup> in na Piav\u011b street in&nbsp;Bubene\u010d from the six original owners, which were the Nebrich married couple, the Sojka married couple, Mr. Ing. Dr. Pol\u00edvka and Mrs. Elsa M\u00fcllerov\u00e1 on June 26, 1929. Na Piav\u011b Street was renamed several times during its existence: H\u00f6tzendorfova (Austro-Hungarian field marshal), Sverdlova (Soviet Party and state official, organizer of the October Revolution) and finally the strret was named after Charles de Gaulle, French general and statesman<sup>2<\/sup>.<\/p>\n<p style=\"line-height: 1.5em; text-align: justify; width: 93%;\">The construction of the villa for Mr. Grosz, head alderman of&nbsp;the&nbsp;commercial board, was allowed on July 7, 1929, and in less than&nbsp;a&nbsp;year, on June 12, 1930, a notice was given of the completion of&nbsp;the&nbsp;construction. The construction was carried out by&nbsp;Ing.&nbsp;Dr.&nbsp;Jaroslav&nbsp;Pol\u00edvka. However, it is reasonable to assume that&nbsp;at&nbsp;least some parts of&nbsp;the&nbsp;building were designed by architect Fridrich&nbsp;Ehrman, a profesor of&nbsp;German Technical University in Prague<sup>3<\/sup>.<\/p>\n<\/div><\/div>\n<div class=\"su-column su-column-size-1-2\"><div class=\"su-column-inner su-u-clearfix su-u-trim\">\n<strong>Villa architecture<\/strong><\/p>\n<p style=\"line-height: 1.5em; text-align: justify; width: 93%;\">The villa with a basement, two floors and its attic is situated on a plot with&nbsp;a garden. The construction system is brick, the truss system is&nbsp;wooden. In the original layout developed for the Bed\u0159ich Grosz family the house included a garage, a laundry room, a boiler room, a cellar and&nbsp;a&nbsp;housing unit for the caretaker in the basement. On the ground floor there was a hall, lobby, a master room with veranda, a dining room with&nbsp;terrace and a kitchen with preparation and facilities. The floor provided space for four bedrooms of members of the Grosz family and&nbsp;accessories (bath, two toilets and washroom). The bedrooms also&nbsp;had&nbsp;spacious terraces.<\/p>\n<p style=\"line-height: 1.5em; text-align: justify; width: 93%;\">Wits its expression, the villa is close to the buildings of conservative modernism, which also corresponds to the solution of facades or details. In&nbsp;this context, we can mention, for example the windows linigs, the&nbsp;dormers and terraces solution or small details of retaining walls and&nbsp;railings.<\/p>\n<\/div><\/div><\/div>\n<hr \/>\n<div style=\"margin-left: 100px; margin-right: 30px;\">\n<div id='gallery-2' class='gallery galleryid-1028 gallery-columns-2 gallery-size-thumbnail'><dl class='gallery-item'>\n\t\t\t<dt class='gallery-icon landscape'>\n\t\t\t\t<a href='https:\/\/www.ds.cz\/wp-content\/uploads\/2019\/11\/Charlese-de-Gaulla-915_27-Pohled-z-ulice.jpg'><img loading=\"lazy\" decoding=\"async\" width=\"150\" height=\"150\" src=\"https:\/\/www.ds.cz\/wp-content\/uploads\/2019\/11\/Charlese-de-Gaulla-915_27-Pohled-z-ulice-150x150.jpg\" class=\"attachment-thumbnail size-thumbnail\" alt=\"Pohled z ulice\" srcset=\"https:\/\/www.ds.cz\/wp-content\/uploads\/2019\/11\/Charlese-de-Gaulla-915_27-Pohled-z-ulice-150x150.jpg 150w, https:\/\/www.ds.cz\/wp-content\/uploads\/2019\/11\/Charlese-de-Gaulla-915_27-Pohled-z-ulice-300x300.jpg 300w, https:\/\/www.ds.cz\/wp-content\/uploads\/2019\/11\/Charlese-de-Gaulla-915_27-Pohled-z-ulice-220x220.jpg 220w\" sizes=\"(max-width: 150px) 100vw, 150px\" \/><\/a>\n\t\t\t<\/dt><\/dl><dl class='gallery-item'>\n\t\t\t<dt class='gallery-icon landscape'>\n\t\t\t\t<a href='https:\/\/www.ds.cz\/wp-content\/uploads\/2019\/11\/Charlese-de-Gaulla-915_27-Pohled-ze-zahrady.jpg'><img loading=\"lazy\" decoding=\"async\" width=\"150\" height=\"150\" src=\"https:\/\/www.ds.cz\/wp-content\/uploads\/2019\/11\/Charlese-de-Gaulla-915_27-Pohled-ze-zahrady-150x150.jpg\" class=\"attachment-thumbnail size-thumbnail\" alt=\"Pohled ze zahrady\" srcset=\"https:\/\/www.ds.cz\/wp-content\/uploads\/2019\/11\/Charlese-de-Gaulla-915_27-Pohled-ze-zahrady-150x150.jpg 150w, https:\/\/www.ds.cz\/wp-content\/uploads\/2019\/11\/Charlese-de-Gaulla-915_27-Pohled-ze-zahrady-300x300.jpg 300w, https:\/\/www.ds.cz\/wp-content\/uploads\/2019\/11\/Charlese-de-Gaulla-915_27-Pohled-ze-zahrady-220x220.jpg 220w\" sizes=\"(max-width: 150px) 100vw, 150px\" \/><\/a>\n\t\t\t<\/dt><\/dl><br style=\"clear: both\" \/>\n\t\t<\/div>\n<\/div>\n<hr>\n<p>&nbsp;<\/p>\n<div style=\"background-color: #e9e9ea; width: 100%;\">\n<div style=\"padding: 30px 30px 30px 30px;\">\n<p><strong>History and use of the villa<\/strong><\/p>\n<p style=\"line-height: 1.5em; text-align: justify; width: 100%;\">The villa was confiscated from the sole private owner, Mr. Bed\u0159ich Grosz, with effect from 19 February 1941, for the purpose of transfer to the German Empire. After the end of the World War II, on the basis of Decree of the President of the Republic No. 5\/1945 Coll., was marked at the building by the national administration and on July 2, 1953, the ownership right for the Central National Committee of the Capital City of Prague was entered in the land register.<br \/>\nThe villa was used by Klement Gottwald\u00b4s daughter Marta, who was later married \u010cepi\u010dkov\u00e1, until 1976. Later, the house was handed over to the Services Management of the Diplomatic Corps in Prague, whose successor organization is the Diplomatic Service. The lessee of the villa was the Embassy of the Islamic Republic of Afghanistan, Embassy of the Swiss Confederation, and since 2003 the villa has been used by Embassy of Ukraine.<\/p>\n<\/div>\n<\/div>\n<\/div>\n<\/div>\n<p>&nbsp;<\/p>\n<hr \/>\n<p style=\"line-height: 1em; text-align: justify; width: 95%;\"><sup><sup>1<\/sup> V\u00fdpis z pozemkov\u00e9 knihy K\u00da Bubene\u010d, knihovn\u00ed vlo\u017eka 1144, ze dne 7. 4. 1992<br \/>\n<sup>2<\/sup> https:\/\/www.bubenec.eu\/charlese-de-gaulla\/ dostupn\u00e9 on-line<br \/>\n<sup>3<\/sup> Ber\u00e1nek Bohumil, Nikolay Brankov, Kl\u00e1ra Br\u016fhov\u00e1, Kry\u0161tof Havlice, Alena K\u0159\u00ed\u017ekov\u00e1, Milan Podobsk\u00fd, Lenka Popelov\u00e1, Radom\u00edra Sedl\u00e1kov\u00e1, Pavel \u0160kranc, Petr Ulrich. Slavn\u00e9 vily Praha 6 &#8211; Bubene\u010d.: Foibos Books, 2017<\/sup><\/p>\n<hr \/>","protected":false},"excerpt":{"rendered":"<p>&nbsp; History and use of the villa The villa was confiscated from the sole private owner, Mr. Bed\u0159ich Grosz, with effect from 19 February<a class=\"moretag\" href=\"https:\/\/www.ds.cz\/en\/objekty-ds\/praha-6-bubenec\/charlese-de-gaulla-915-27-praha-6\/\">Cel\u00fd \u010dl\u00e1nek<\/a><\/p>\n","protected":false},"author":2,"featured_media":0,"parent":1524,"menu_order":0,"comment_status":"closed","ping_status":"closed","template":"","meta":{"_acf_changed":false,"footnotes":""},"acf":[],"aioseo_notices":[],"_links":{"self":[{"href":"https:\/\/www.ds.cz\/en\/wp-json\/wp\/v2\/pages\/1028"}],"collection":[{"href":"https:\/\/www.ds.cz\/en\/wp-json\/wp\/v2\/pages"}],"about":[{"href":"https:\/\/www.ds.cz\/en\/wp-json\/wp\/v2\/types\/page"}],"author":[{"embeddable":true,"href":"https:\/\/www.ds.cz\/en\/wp-json\/wp\/v2\/users\/2"}],"replies":[{"embeddable":true,"href":"https:\/\/www.ds.cz\/en\/wp-json\/wp\/v2\/comments?post=1028"}],"version-history":[{"count":21,"href":"https:\/\/www.ds.cz\/en\/wp-json\/wp\/v2\/pages\/1028\/revisions"}],"predecessor-version":[{"id":5777,"href":"https:\/\/www.ds.cz\/en\/wp-json\/wp\/v2\/pages\/1028\/revisions\/5777"}],"up":[{"embeddable":true,"href":"https:\/\/www.ds.cz\/en\/wp-json\/wp\/v2\/pages\/1524"}],"wp:attachment":[{"href":"https:\/\/www.ds.cz\/en\/wp-json\/wp\/v2\/media?parent=1028"}],"curies":[{"name":"wp","href":"https:\/\/api.w.org\/{rel}","templated":true}]}}