{"id":1038,"date":"2019-05-02T17:54:08","date_gmt":"2019-05-02T15:54:08","guid":{"rendered":"https:\/\/www.ds.cz\/?page_id=1038"},"modified":"2022-04-07T14:53:50","modified_gmt":"2022-04-07T12:53:50","slug":"na-zatorce-671-22-praha-6","status":"publish","type":"page","link":"https:\/\/www.ds.cz\/en\/objekty-ds\/praha-6-bubenec\/na-zatorce-671-22-praha-6\/","title":{"rendered":"Na Z\u00e1torce 671\/22"},"content":{"rendered":"<hr \/>\n<div style=\"text-align: justify;\">\n<div style=\"padding: 30px 30px 30px 30px;\">\n<div class=\"su-row\"><div class=\"su-column su-column-size-1-2\"><div class=\"su-column-inner su-u-clearfix su-u-trim\">\n<p><strong>Villa owners<\/strong><\/p>\n<p style=\"line-height: 1.5em; text-align: justify; width: 93%;\">The villa was built for wholesaler Hynek Ign\u00e1c Arnstein, born April 26, 1880. He started trading in waxed canvas and linoleum, later became the general representative and managing director of Deutsche Linoleum \u2013 Werke a.g., Bietighem<br \/>\n<br \/>\nHynek Ign\u00e1c Arnstein married on January 1908 in Warsaw. His wife Lola (Ljuba) Glowinska was born on&nbsp;May 5, 1889. Their daughter was born on December 26, 1908. Nelly Arnstein studied at the School of Fashion Drawing in Vienna and the Raimannschule in Berlin. Nelly Arnstein devoted herself to&nbsp;painting, graphics as well as costume and stage design (D 34, National Theater,etc.)<\/p>\n<p style=\"line-height: 1.5em; text-align: justify; width: 93%;\">\nHynek Ign\u00e1c Arnstein was transported to Terez\u00edn in 1942 and he died in&nbsp;the&nbsp;ghetto in Izbica. Lola Arnstein was transported to&nbsp;Terez\u00edn in 1941, later to&nbsp;Warsaw, where she died.<sup>1<\/sup><br \/>\n<br \/>\nNelly Arnstein \u2013 Zdenka Arno\u0161t fled to Belgrad at the beginning of the war. She returned to Prague after the war for a short time, in 1946 she went to&nbsp;Paris, where she married French poet Raimond Datheil (1902\u20131983). Nelly Datheil acquired French citizenship in 1957. Zdenka Datheil has&nbsp;exhibited her paintings and graphics in galleries in France and around the world. Her two paintings, \u201ePortrait-de-l\u00b4oiseau-qui-n\u00b4existe-pas\u201c and&nbsp;\u201eComposition sur fond vert\u201c, were purchased by the Mus\u00e9e national d&nbsp;\u00b4art&nbsp;moderne\u2013Centre Pompidou<sup>2<\/sup>. Zdenka Datheil died in France in 1999.<\/p>\n<\/div><\/div>\n<div class=\"su-column su-column-size-1-2\"><div class=\"su-column-inner su-u-clearfix su-u-trim\">\n<strong>Villa architecture<\/strong><\/p>\n<p style=\"line-height: 1.5em; text-align: justify; width: 93%;\">The construction of the villa was started according to the plans of Ing. Rudolf Kraus company in 1928, completed and approved in 1929. The villa is&nbsp;a&nbsp;stylish classic construction product of the late 1920s, characterized by&nbsp;typical building features, such as woods around windows and doors, the&nbsp;layout of&nbsp;the&nbsp;palace shift with higher spatial comfort. The villa consists of&nbsp;three floors above ground and one underground floor, ending with&nbsp;a&nbsp;mansard roof. The ground floor and&nbsp;first floor have ceilings with&nbsp;a&nbsp;walking terrace. Access to&nbsp;the&nbsp;back part of the garden is possible via brick stairs from the terrace, located on the ground floor. The facade of&nbsp;the&nbsp;building is mostly neoclassical (stucco and stone elemenets) with elements of Czech modernism and emerging funcionalism.<br \/>\n<br \/>\nThe layout of the villa was modified in 1941, based on the plans of architect Franz B\u00f6hm, another overhaul took place in connection with the division of&nbsp;the&nbsp;villa into 9 flats, when the villa was administrated by the District Housing Administration. Further adjustments were made by&nbsp;the&nbsp;Administration of Services to the Diplomatic Corps in 1985, 1990 and&nbsp;the Diplomatic Service in 2007-2008 in accordance with the specifics of&nbsp;the diplomatic mission<sup>3<\/sup>.\n<\/p>\n<\/div><\/div><\/div>\n<hr \/>\n<div style=\"margin-left: 0px;\">\n<div id=\"su_carousel_69f33f1120b1a\" class=\"su-carousel su-carousel-centered su-carousel-pages-no su-carousel-responsive-no su-lightbox-gallery\" style=\"width:1080px;height:170px\" data-autoplay=\"0\" data-speed=\"0\" data-mousewheel=\"true\" data-items=\"6\" data-scroll=\"4\"><div class=\"su-carousel-slides\"><div class=\"su-carousel-slide\"><a href=\"https:\/\/www.ds.cz\/wp-content\/uploads\/2022\/04\/photo-37-scaled.jpg\" title=\"\"><img decoding=\"async\" src=\"https:\/\/www.ds.cz\/wp-content\/uploads\/2022\/04\/photo-37-scaled.jpg\" alt=\"\" \/><\/a><\/div><div class=\"su-carousel-slide\"><a href=\"https:\/\/www.ds.cz\/wp-content\/uploads\/2022\/04\/1.jpg\" title=\"\"><img decoding=\"async\" src=\"https:\/\/www.ds.cz\/wp-content\/uploads\/2022\/04\/1-162x170.jpg\" alt=\"\" \/><\/a><\/div><div class=\"su-carousel-slide\"><a href=\"https:\/\/www.ds.cz\/wp-content\/uploads\/2022\/04\/2.jpg\" title=\"\"><img decoding=\"async\" src=\"https:\/\/www.ds.cz\/wp-content\/uploads\/2022\/04\/2-162x170.jpg\" alt=\"\" \/><\/a><\/div><div class=\"su-carousel-slide\"><a href=\"https:\/\/www.ds.cz\/wp-content\/uploads\/2022\/04\/3.jpg\" title=\"\"><img decoding=\"async\" src=\"https:\/\/www.ds.cz\/wp-content\/uploads\/2022\/04\/3-162x170.jpg\" alt=\"\" \/><\/a><\/div><div class=\"su-carousel-slide\"><a href=\"https:\/\/www.ds.cz\/wp-content\/uploads\/2022\/04\/4.jpg\" title=\"\"><img decoding=\"async\" src=\"https:\/\/www.ds.cz\/wp-content\/uploads\/2022\/04\/4-162x170.jpg\" alt=\"\" \/><\/a><\/div><div class=\"su-carousel-slide\"><a href=\"https:\/\/www.ds.cz\/wp-content\/uploads\/2022\/04\/photo-0-scaled.jpg\" title=\"\"><img decoding=\"async\" src=\"https:\/\/www.ds.cz\/wp-content\/uploads\/2022\/04\/photo-0-scaled.jpg\" alt=\"\" \/><\/a><\/div><\/div><div class=\"su-carousel-nav\"><div class=\"su-carousel-pagination\"><\/div><\/div><\/div>\n<\/div>\n<hr>\n<p>&nbsp;<\/p>\n<div style=\"background-color: #e9e9ea; width: 100%;\">\n<div style=\"padding: 30px 30px 30px 30px;\">\n<p><strong>History of the villa<\/strong><\/p>\n<p style=\"line-height: 1.5em; text-align: justify; width: 100%;\">The vila was confiscated from Arnsteins in 1940, according to a record in the land register of July 9, 1940, No. 18801 \u201eAuf Grund der Erkl\u00e4rung vom 4. Juli 1940 wird das Eigentumsrecht f\u2019ur den Auswanderungefond f\u00fcr B\u00f6hmen und M\u00e4hren einverleibt\u201c, after war the villa came under national administration, according to&nbsp;the Decree of the President of the Republic of May 19, 1945. In 1951, the Czechoslovak State \u2013 Ministry of the Interior, became the owner of the villa, since 1958, the administrator of the villa was established the Administration of Services to the Diplomatic Corps, whose successor organization is Diplomatic Service.<sup>4<\/sup><br \/>\n<br \/>\nThe Lesse of the villa has been the Embassy of the Lebanese Republic since 1962, and since 2022 the villa has been leased by the Embassy of&nbsp;the&nbsp;Kingdom&nbsp;of&nbsp;Belgium.\n<\/p>\n<\/div>\n<\/div>\n<\/div>\n<\/div>\n<p>&nbsp;<\/p>\n<hr \/>\n<p style=\"line-height: 1em; text-align: justify; width: 95%;\"><sup><sup>1<\/sup> Ing. arch. Bohumil Ber\u00e1nek a kolektiv, archivn\u00ed materi\u00e1ly Odboru \u00fazemn\u00edho rozvoje \u00daM\u010c Prahy 6<br \/>\n<sup>2<\/sup> Toman, P.: Nov\u00fd slovn\u00edk \u010deskoslovensk\u00fdch v\u00fdtvarn\u00fdch um\u011blc\u016f, V\u00fdtvarn\u00e9 centrum Chagall, Ostrava 1993, https:\/\/www.centrepompidou.fr\/en\/ressources\/personne\/c5zppM<br \/>\n<sup>3<\/sup> Archiv DS \u2013 J 03 127<br \/>\n<sup>4<\/sup> V\u00fdpis z pozemkov\u00e9 knihy K\u00da pro hl. m. Prahu, vl. \u010d. 387<br \/>\n<\/sup><\/p>\n<hr \/>","protected":false},"excerpt":{"rendered":"<p>&nbsp; History of the villa The vila was confiscated from Arnsteins in 1940, according to a record in the land register of July 9,<a class=\"moretag\" href=\"https:\/\/www.ds.cz\/en\/objekty-ds\/praha-6-bubenec\/na-zatorce-671-22-praha-6\/\">Cel\u00fd \u010dl\u00e1nek<\/a><\/p>\n","protected":false},"author":2,"featured_media":0,"parent":1524,"menu_order":0,"comment_status":"closed","ping_status":"closed","template":"","meta":{"_acf_changed":false,"footnotes":""},"acf":[],"aioseo_notices":[],"_links":{"self":[{"href":"https:\/\/www.ds.cz\/en\/wp-json\/wp\/v2\/pages\/1038"}],"collection":[{"href":"https:\/\/www.ds.cz\/en\/wp-json\/wp\/v2\/pages"}],"about":[{"href":"https:\/\/www.ds.cz\/en\/wp-json\/wp\/v2\/types\/page"}],"author":[{"embeddable":true,"href":"https:\/\/www.ds.cz\/en\/wp-json\/wp\/v2\/users\/2"}],"replies":[{"embeddable":true,"href":"https:\/\/www.ds.cz\/en\/wp-json\/wp\/v2\/comments?post=1038"}],"version-history":[{"count":21,"href":"https:\/\/www.ds.cz\/en\/wp-json\/wp\/v2\/pages\/1038\/revisions"}],"predecessor-version":[{"id":6817,"href":"https:\/\/www.ds.cz\/en\/wp-json\/wp\/v2\/pages\/1038\/revisions\/6817"}],"up":[{"embeddable":true,"href":"https:\/\/www.ds.cz\/en\/wp-json\/wp\/v2\/pages\/1524"}],"wp:attachment":[{"href":"https:\/\/www.ds.cz\/en\/wp-json\/wp\/v2\/media?parent=1038"}],"curies":[{"name":"wp","href":"https:\/\/api.w.org\/{rel}","templated":true}]}}