{"id":1129,"date":"2019-05-03T14:25:11","date_gmt":"2019-05-03T12:25:11","guid":{"rendered":"https:\/\/www.ds.cz\/?page_id=1129"},"modified":"2025-01-09T14:01:55","modified_gmt":"2025-01-09T13:01:55","slug":"sibirske-nam-280-5","status":"publish","type":"page","link":"https:\/\/www.ds.cz\/en\/objekty-ds\/praha-6-bubenec\/sibirske-nam-280-5\/","title":{"rendered":"Sibi\u0159sk\u00e9 n\u00e1m. 280\/5 &#8211; Kot\u011bra&#8217;s Villa"},"content":{"rendered":"<hr \/>\n<div style=\"padding: 0px 30px 30px 0px;\">\n<div style=\"text-align: justify;\">\n<div style=\"padding: 30px 30px 30px 30px;\">\n<div class=\"su-row\"><div class=\"su-column su-column-size-1-2\"><div class=\"su-column-inner su-u-clearfix su-u-trim\">\n<p style=\"line-height: 1.5em; text-align: justify; width: 93%;\">Bubene\u010d, a place called Behind the Fortification Walls, was a small city outside Prague. Here the summer houses and farmsteads were built and&nbsp;gardens were established. At the beginning of 20<sup>th<\/sup> century there was a&nbsp;plan to build The Royal Road starting at Old Town of Prague, continuing through Pa\u0159\u00ed\u017esk\u00e1 Street across the \u010cech\u016fv Bridge, through a newly dug trench through the Letna hill to Stromovka park. This plan designed and&nbsp;promoted by architect Jan Koula had a lot of supporters who&nbsp;were&nbsp;confident that this project would be completed and they started to build their own villas in the Bubene\u010d area.<\/p>\n<p style=\"line-height: 1.5em; text-align: justify; width: 93%;\">A residential enclave began to emerge and the new houses there have been designed by prominent architects of the time.<\/P><\/p>\n<p style=\"line-height: 1.5em; text-align: justify; width: 93%;\">The building at Sibi\u0159sk\u00e9 n\u00e1m\u011bst\u00ed 280\/5 (Siberian Square), so called Krause villa, is one of three family houses in Bubene\u010d which were built according to architect Jan Kot\u011bra plans. At that time, the square was named Hl\u00e1vkovo (Josef Hl\u00e1vka was the architect, builder, and the great Czech patron) and&nbsp;it&nbsp;beared his name until 1914, when it was renamed to Kub\u00edkovo \u2013 after the mayor of Bubene\u010d. <\/p>\n<\/div><\/div>\n<div class=\"su-column su-column-size-1-2\"><div class=\"su-column-inner su-u-clearfix su-u-trim\">\n<p style=\"line-height: 1.5em; text-align: justify; width: 93%;\">The current name Siberian square was given in the year 1925 in honour of&nbsp;the Czechoslovak legions that were active in Siberia. At that time Bubene\u010d already had been the part of Prague. <\/p>\n<p style=\"line-height: 1.5em; text-align: justify; width: 93%;\">The Krause villa, a family house built for a factory owner Jacob Krause, is the least known Kot\u011bra\u2019s villa. A simple building with a square floor plan in the art nouveau style was completed in 1908. It has the tent shape roof, a facade of scratched plaster and one front corner decorated with a relief with natural motifs by&nbsp;sculptor Stanislav Sucharda. The sculptor was Kot\u011bra\u2019s friend for whom Kot\u011bra designed his first commission in this part of Prague. The villa boasts the stripes of rough masonry which are characteristic of Kot\u011bra\u2019s work, as&nbsp;is&nbsp;his favourite motif \u2013 the pergola above the entrance that rests on brick pillars. The main entrance faces the square. The outline of the building is&nbsp;highlighted by belts of grey lime-cement bricks. There is a small ground-floor veranda with an access from the garden and on its roof, there&nbsp;is&nbsp;a&nbsp;terrace joined to the upstairs bedroom.<\/p>\n<p style=\"line-height: 1.5em; text-align: justify; width: 93%;\">Later a low L-shaped wing was added to the northeast facade and a garage which is partially embedded in the ground. <\/p>\n<\/div><\/div><\/div>\n<hr \/>\n<div style=\"padding: 10px 20px 20px 20px;\">\n<div class=\"su-image-carousel  su-image-carousel-columns-3 su-image-carousel-crop su-image-carousel-crop-16-9 su-image-carousel-has-lightbox su-image-carousel-has-outline su-image-carousel-adaptive su-image-carousel-slides-style-default su-image-carousel-controls-style-dark su-image-carousel-align-none\" style=\"\" data-flickity-options='{\"groupCells\":true,\"cellSelector\":\".su-image-carousel-item\",\"adaptiveHeight\":false,\"cellAlign\":\"left\",\"prevNextButtons\":true,\"pageDots\":false,\"autoPlay\":6000,\"imagesLoaded\":true,\"contain\":true,\"selectedAttraction\":0.025000000000000001387778780781445675529539585113525390625,\"friction\":0.2800000000000000266453525910037569701671600341796875}' id=\"su_image_carousel_69f2ed64e330e\"><div class=\"su-image-carousel-item\"><div class=\"su-image-carousel-item-content\"><a href=\"https:\/\/www.ds.cz\/wp-content\/uploads\/2023\/12\/IMG_0625-min-scaled-e1701430004141.jpg\" target=\"_blank\" rel=\"noopener noreferrer\" data-caption=\"\"><img loading=\"lazy\" decoding=\"async\" width=\"212\" height=\"300\" src=\"https:\/\/www.ds.cz\/wp-content\/uploads\/2023\/12\/IMG_0625-min-scaled-e1701430004141-212x300.jpg\" class=\"\" alt=\"\" srcset=\"https:\/\/www.ds.cz\/wp-content\/uploads\/2023\/12\/IMG_0625-min-scaled-e1701430004141-212x300.jpg 212w, https:\/\/www.ds.cz\/wp-content\/uploads\/2023\/12\/IMG_0625-min-scaled-e1701430004141-723x1024.jpg 723w, https:\/\/www.ds.cz\/wp-content\/uploads\/2023\/12\/IMG_0625-min-scaled-e1701430004141-768x1088.jpg 768w, https:\/\/www.ds.cz\/wp-content\/uploads\/2023\/12\/IMG_0625-min-scaled-e1701430004141.jpg 1080w\" sizes=\"(max-width: 212px) 100vw, 212px\" \/><\/a><\/div><\/div><div class=\"su-image-carousel-item\"><div class=\"su-image-carousel-item-content\"><a href=\"https:\/\/www.ds.cz\/wp-content\/uploads\/2023\/12\/IMG_0772-min-scaled.jpg\" target=\"_blank\" rel=\"noopener noreferrer\" data-caption=\"\"><img loading=\"lazy\" decoding=\"async\" width=\"300\" height=\"200\" src=\"https:\/\/www.ds.cz\/wp-content\/uploads\/2023\/12\/IMG_0772-min-300x200.jpg\" class=\"\" alt=\"\" srcset=\"https:\/\/www.ds.cz\/wp-content\/uploads\/2023\/12\/IMG_0772-min-300x200.jpg 300w, https:\/\/www.ds.cz\/wp-content\/uploads\/2023\/12\/IMG_0772-min-1024x683.jpg 1024w, https:\/\/www.ds.cz\/wp-content\/uploads\/2023\/12\/IMG_0772-min-768x512.jpg 768w, https:\/\/www.ds.cz\/wp-content\/uploads\/2023\/12\/IMG_0772-min-1536x1024.jpg 1536w, https:\/\/www.ds.cz\/wp-content\/uploads\/2023\/12\/IMG_0772-min-2048x1365.jpg 2048w\" sizes=\"(max-width: 300px) 100vw, 300px\" \/><\/a><\/div><\/div><div class=\"su-image-carousel-item\"><div class=\"su-image-carousel-item-content\"><a href=\"https:\/\/www.ds.cz\/wp-content\/uploads\/2023\/12\/IMG_0606-min-scaled.jpg\" target=\"_blank\" rel=\"noopener noreferrer\" data-caption=\"\"><img loading=\"lazy\" decoding=\"async\" width=\"300\" height=\"200\" src=\"https:\/\/www.ds.cz\/wp-content\/uploads\/2023\/12\/IMG_0606-min-300x200.jpg\" class=\"\" alt=\"\" srcset=\"https:\/\/www.ds.cz\/wp-content\/uploads\/2023\/12\/IMG_0606-min-300x200.jpg 300w, https:\/\/www.ds.cz\/wp-content\/uploads\/2023\/12\/IMG_0606-min-1024x683.jpg 1024w, https:\/\/www.ds.cz\/wp-content\/uploads\/2023\/12\/IMG_0606-min-768x512.jpg 768w, https:\/\/www.ds.cz\/wp-content\/uploads\/2023\/12\/IMG_0606-min-1536x1024.jpg 1536w, https:\/\/www.ds.cz\/wp-content\/uploads\/2023\/12\/IMG_0606-min-2048x1365.jpg 2048w\" sizes=\"(max-width: 300px) 100vw, 300px\" \/><\/a><\/div><\/div><\/div><script id=\"su_image_carousel_69f2ed64e330e_script\">if(window.SUImageCarousel){setTimeout(function() {window.SUImageCarousel.initGallery(document.getElementById(\"su_image_carousel_69f2ed64e330e\"))}, 0);}var su_image_carousel_69f2ed64e330e_script=document.getElementById(\"su_image_carousel_69f2ed64e330e_script\");if(su_image_carousel_69f2ed64e330e_script){su_image_carousel_69f2ed64e330e_script.parentNode.removeChild(su_image_carousel_69f2ed64e330e_script);}<\/script>\n<\/div>\n<hr>\n<p>&nbsp;<\/p>\n<div style=\"background-color: #e9e9ea; width: 100%;\">\n<div style=\"padding: 30px 30px 30px 30px;\">\n<p style=\"line-height: 1.5em; text-align: justify; width: 100%;\">The villa has a basement, 2 floors and an attic. There is a lobby, a stair hall, kitchen, dining room with the porch and a guest room on the ground floor.<br \/>\nOn the first floor there are two rooms and a bedroom with bathroom and another kitchen. In the attic there is another apartment.<\/p>\n<p style=\"line-height: 1.5em; text-align: justify; width: 100%;\">In 1939 the villa was confiscated by the police for the benefit of the German Empire and after the war it came under the administration of the Central National Committee of Prague. Since 1961, it has been assigned to the Administration of Services to the Diplomatic Corps and today the villa is taken care of by its legal successor, the Diplomatic Service. <\/p>\n<\/div>\n<\/div>\n<\/div>\n<\/div>\n<hr \/>\n<div class=\"su-expand su-expand-collapsed su-expand-link-style-default\" data-height=\"100\"><div class=\"su-expand-content su-u-trim\" style=\"color:#333333;max-height:100px;overflow:hidden\">\n&nbsp;<\/p>\n<p style=\"line-height: 1em; text-align: justify; width: 95%;\">\n<sup><b>Sources<\/b> <\/sup><br \/>\n<sup> https:\/\/www.pressreader.com\/czech-republic\/lidove-noviny\/20210424\/281857236381117<\/sup><br \/>\n<sup> https:\/\/dspace.cuni.cz\/bitstream\/handle\/20.500.11956\/148090\/120401228.pdf?sequence=1&#038;isAllowed=y <\/sup><br \/>\n<sup> https:\/\/plus.rozhlas.cz\/ctvrt-honosnych-vil-6601971 <\/sup><br \/>\n<sup> https:\/\/www.bubenec.eu\/sibirske-namesti\/ <\/sup><br \/>\n<sup> https:\/\/www.stream.cz\/skryte-poklady-architektury-pohledem-zdenka-lukese\/skryte-poklady-architektury-letensky-prukop-64160473 <\/sup>\n<\/p>\n<\/div><div class=\"su-expand-link su-expand-link-more\" style=\"text-align:center\"><a href=\"javascript:;\" style=\"color:#000000;border-color:#000000\"><i class=\"sui sui-chevron-down\" style=\"\" aria-label=\"\"><\/i><span style=\"border-color:#000000\">More<\/span><\/a><\/div><div class=\"su-expand-link su-expand-link-less\" style=\"text-align:center\"><a href=\"javascript:;\" style=\"color:#000000;border-color:#000000\"><i class=\"sui sui-chevron-up\" style=\"\" aria-label=\"\"><\/i><span style=\"border-color:#000000\">Less<\/span><\/a><\/div><\/div>\n<hr \/>","protected":false},"excerpt":{"rendered":"<p>&nbsp; The villa has a basement, 2 floors and an attic. There is a lobby, a stair hall, kitchen, dining room with the porch<a class=\"moretag\" href=\"https:\/\/www.ds.cz\/en\/objekty-ds\/praha-6-bubenec\/sibirske-nam-280-5\/\">Cel\u00fd \u010dl\u00e1nek<\/a><\/p>\n","protected":false},"author":2,"featured_media":0,"parent":1524,"menu_order":0,"comment_status":"closed","ping_status":"closed","template":"","meta":{"_acf_changed":false,"footnotes":""},"acf":[],"aioseo_notices":[],"_links":{"self":[{"href":"https:\/\/www.ds.cz\/en\/wp-json\/wp\/v2\/pages\/1129"}],"collection":[{"href":"https:\/\/www.ds.cz\/en\/wp-json\/wp\/v2\/pages"}],"about":[{"href":"https:\/\/www.ds.cz\/en\/wp-json\/wp\/v2\/types\/page"}],"author":[{"embeddable":true,"href":"https:\/\/www.ds.cz\/en\/wp-json\/wp\/v2\/users\/2"}],"replies":[{"embeddable":true,"href":"https:\/\/www.ds.cz\/en\/wp-json\/wp\/v2\/comments?post=1129"}],"version-history":[{"count":6,"href":"https:\/\/www.ds.cz\/en\/wp-json\/wp\/v2\/pages\/1129\/revisions"}],"predecessor-version":[{"id":9541,"href":"https:\/\/www.ds.cz\/en\/wp-json\/wp\/v2\/pages\/1129\/revisions\/9541"}],"up":[{"embeddable":true,"href":"https:\/\/www.ds.cz\/en\/wp-json\/wp\/v2\/pages\/1524"}],"wp:attachment":[{"href":"https:\/\/www.ds.cz\/en\/wp-json\/wp\/v2\/media?parent=1129"}],"curies":[{"name":"wp","href":"https:\/\/api.w.org\/{rel}","templated":true}]}}