{"id":1151,"date":"2019-05-03T14:37:38","date_gmt":"2019-05-03T12:37:38","guid":{"rendered":"https:\/\/www.ds.cz\/?page_id=1151"},"modified":"2020-10-29T10:23:07","modified_gmt":"2020-10-29T09:23:07","slug":"v-tisine-475-6","status":"publish","type":"page","link":"https:\/\/www.ds.cz\/en\/objekty-ds\/praha-6-bubenec\/v-tisine-475-6\/","title":{"rendered":"V Ti\u0161in\u011b 475\/6"},"content":{"rendered":"<hr \/>\n<div style=\"padding: 0px 30px 30px 0px;\">\n<div style=\"text-align: justify;\">\n<div style=\"padding: 30px 30px 30px 30px;\">\n<div class=\"su-row\"><div class=\"su-column su-column-size-1-2\"><div class=\"su-column-inner su-u-clearfix su-u-trim\">\n<p><strong>Original owners<\/strong><\/p>\n<p style=\"line-height: 1.5em; text-align: justify; width: 93%;\">On September 29, 1921, a building permit was issued by building authority, which allowed the owner, Jaroslav Jahn, to move into his new Bubene\u010d villa<sup>1<\/sup>. Ing. Jaroslav Jahn (1873\u20131940) was a personality, whose&nbsp;significance correspondended to the character of the place and&nbsp;who&nbsp;was one of the first to determine, what the composition of&nbsp;the&nbsp;inhabitants of&nbsp;this area would look like.\n<\/p>\n<p style=\"line-height: 1.5em; text-align: justify; width: 93%;\">He was the director of the important company Nov\u00e1k and Jahn, which&nbsp;was&nbsp;founded by his father together with the Imperial Council J. V. Nov\u00e1k in 1873, and which was specialized in machinery for breweries and&nbsp;distilleries. Among other things, it supplied, for example, machinery for the first construction of the Budvar brewery. In 1929 it merged with&nbsp;\u0160koda\u00b4s plants and Jaroslav Jahn became their general director.\n<\/p>\n<p style=\"line-height: 1.5em; text-align: justify; width: 93%;\">Equally, significantly, Ing. Jahn later entered the history of golf in&nbsp;Bohemia&nbsp;\u2013 together with Baron Franti\u0161ek Ringhofer and the British Ambassador Sir&nbsp;G. R. Clerk in 1926, he was a founding member of&nbsp;the&nbsp;General Assembly of the oldest golf club in Bohemia, Golf Club Prague<sup>2<\/sup>.<\/p>\n<\/div><\/div>\n<div class=\"su-column su-column-size-1-2\"><div class=\"su-column-inner su-u-clearfix su-u-trim\">\n<strong>Villa architecture<\/strong><\/p>\n<p style=\"line-height: 1.5em; text-align: justify; width: 93%;\">The project of the villa was presented by the architect V\u00e1clav Pilc, the&nbsp;autthor and owner of the multifunctional functionalist hotel AXA Na&nbsp;Po\u0159\u00ed\u010d\u00ed 1051\/40, Prague 1<sup>3<\/sup>, as a house of traditional arrangement and&nbsp;division. The&nbsp;ground floor was clearly social. The house was entered from the side through a porch covered with a portico on three pillars, from&nbsp;the small hall was accessible cloakroom and opposite the drawing room. Behind the drawing room was a large staircase hall, from which was possible to walk into a living room, dining room or garden. The larges room was a dining room for 12 persons.<\/p>\n<p style=\"line-height: 1.5em; text-align: justify; width: 93%;\">The first floor was purely just for family. The room above the living room was reserved for lady\u00b4s bedroom, which was adjacent to the smaller master bedroom on one side and the daughter\u00b4s bedroom on the other. The&nbsp;sons had an accessible room separately from the hall. The attic was purely storage. In the basement was the caretaker\u00b4s apartment, boiler room and&nbsp;laundry.<\/p>\n<p style=\"line-height: 1.5em; text-align: justify; width: 93%;\">V\u00e1clav Pilc adittionally designed a garden with prefectly geometrically arranged flower beds and detailed indication of planting<sup>4<\/sup>.<\/p>\n<\/div><\/div><\/div>\n<hr \/>\n<div style=\"margin-left: 30px; margin-right: 0px;\">\n<\/div>\n<p>&nbsp;<\/p>\n<div style=\"background-color: #e9e9ea; width: 100%;\">\n<div style=\"padding: 30px 30px 30px 30px;\">\n<p><strong>History of the villa<\/strong><\/p>\n<p style=\"line-height: 1.5em; text-align: justify; width: 100%;\">Villa original owner, Ing. Jaroslav Jahn sold it to the English-Czechoslovak Bank in Prague in 1923, and after 5 years it sold it to another Director&nbsp;of&nbsp;the&nbsp;\u0160koda&nbsp;Company in Pilsen, Mr. Ing. Gustav M\u00fcller<sup>5<\/sup>. The villa, like its many neighbors, passed into the hand of state in 1948, and was entrusted to&nbsp;the Services Management of the Diplomatic Corps in Prague, whose successor organization is the Diplomatic Service.<br \/>\nLessee of the villa has been the Embassy of Afghanistan in Prague for more, than 30 years, and the house is currently used by&nbsp;the&nbsp;Embassy&nbsp;of&nbsp;the&nbsp;Republic&nbsp;of&nbsp;Peru.\n<\/p>\n<\/div>\n<\/div>\n<\/div>\n<\/div>\n<p>&nbsp;<\/p>\n<hr \/>\n<p style=\"line-height: 1em; text-align: justify; width: 95%;\"><sup><sup>1<\/sup> Archiv Odboru v\u00fdstavby \u00daM\u010c Prahy 6, k. \u00fa. Bubene\u010d, \u010d. p. 475 slo\u017eka Pl\u00e1ny a spisy<br \/>\n<sup>2<\/sup> Dostupn\u00e9 online: https:\/\/gcp.cz\/klub\/<br \/>\n<sup>3<\/sup> Dostupn\u00e9 online: http:\/\/pamatky.praha.eu\/public\/9a\/8\/79\/2401643_753042_Praha_Sportoviste.pdf<br \/>\n<sup>4<\/sup> Ber\u00e1nek Bohumil, Nikolay Brankov, Kl\u00e1ra Br\u016fhov\u00e1, Kry\u0161tof Havlice, Alena K\u0159\u00ed\u017ekov\u00e1, Milan Podobsk\u00fd, Lenka Popelov\u00e1, Radom\u00edra Sedl\u00e1kov\u00e1, Pavel \u0160kranc, Petr Ulrich. Slavn\u00e9 vily Praha 6 &#8211; Bubene\u010d.: Foibos Books, 2017<br \/>\n<sup>5<\/sup> V\u00fdpis z pozemkov\u00e9 knihy K\u00da Bubene\u010d, vl. \u010d. 712, ze dne 9. 1. 1995, smlouva trhov\u00e1 16584<br \/>\n<\/sup><\/p>\n<hr \/>","protected":false},"excerpt":{"rendered":"<p>&nbsp; History of the villa Villa original owner, Ing. Jaroslav Jahn sold it to the English-Czechoslovak Bank in Prague in 1923, and after 5<a class=\"moretag\" href=\"https:\/\/www.ds.cz\/en\/objekty-ds\/praha-6-bubenec\/v-tisine-475-6\/\">Cel\u00fd \u010dl\u00e1nek<\/a><\/p>\n","protected":false},"author":2,"featured_media":0,"parent":1524,"menu_order":0,"comment_status":"closed","ping_status":"closed","template":"","meta":{"_acf_changed":false,"footnotes":""},"acf":[],"aioseo_notices":[],"_links":{"self":[{"href":"https:\/\/www.ds.cz\/en\/wp-json\/wp\/v2\/pages\/1151"}],"collection":[{"href":"https:\/\/www.ds.cz\/en\/wp-json\/wp\/v2\/pages"}],"about":[{"href":"https:\/\/www.ds.cz\/en\/wp-json\/wp\/v2\/types\/page"}],"author":[{"embeddable":true,"href":"https:\/\/www.ds.cz\/en\/wp-json\/wp\/v2\/users\/2"}],"replies":[{"embeddable":true,"href":"https:\/\/www.ds.cz\/en\/wp-json\/wp\/v2\/comments?post=1151"}],"version-history":[{"count":22,"href":"https:\/\/www.ds.cz\/en\/wp-json\/wp\/v2\/pages\/1151\/revisions"}],"predecessor-version":[{"id":5490,"href":"https:\/\/www.ds.cz\/en\/wp-json\/wp\/v2\/pages\/1151\/revisions\/5490"}],"up":[{"embeddable":true,"href":"https:\/\/www.ds.cz\/en\/wp-json\/wp\/v2\/pages\/1524"}],"wp:attachment":[{"href":"https:\/\/www.ds.cz\/en\/wp-json\/wp\/v2\/media?parent=1151"}],"curies":[{"name":"wp","href":"https:\/\/api.w.org\/{rel}","templated":true}]}}