{"id":1512,"date":"2019-05-15T14:17:10","date_gmt":"2019-05-15T12:17:10","guid":{"rendered":"https:\/\/www.ds.cz\/?page_id=1512"},"modified":"2024-06-11T15:19:55","modified_gmt":"2024-06-11T13:19:55","slug":"praha-1-nove-mesto","status":"publish","type":"page","link":"https:\/\/www.ds.cz\/en\/objekty-ds\/praha-1-nove-mesto\/","title":{"rendered":"Prague1 &#8211; Nov\u00e9 M\u011bsto"},"content":{"rendered":"<style>\n        .modra-cara {\n            border: none; \/* Zru\u0161\u00ed v\u00fdchoz\u00ed styl hrany *\/\n            height: 1px; \/* Nastav\u00ed tlou\u0161\u0165ku \u010d\u00e1ry *\/\n            background-color: #00008B; \/* Nastav\u00ed tmav\u011b modrou barvu *\/\n        }\n.cervena-cara {\n            border: none; \/* Zru\u0161\u00ed v\u00fdchoz\u00ed styl hrany *\/\n            height: 1px; \/* Nastav\u00ed tlou\u0161\u0165ku \u010d\u00e1ry *\/\n            background-color: #a10025\/* Nastav\u00ed tmav\u011b \u010dervenou barvu *\/\n        }\n  <\/style>\n<div style=\"padding: 10px 30px 30px 30px;\"><a href=\"https:\/\/www.ds.cz\/praha-2-vinohrady-2\/\" class=\"su-button su-button-style-ghost alignright\" style=\"color:#000000;background-color:#dddddd;border-color:#b1b1b1;border-radius:45px;-moz-border-radius:45px;-webkit-border-radius:45px\" target=\"_self\" title=\"Next\"><span style=\"color:#000000;padding:7px 22px;font-size:17px;line-height:26px;border-color:#e8e8e8;border-radius:45px;-moz-border-radius:45px;-webkit-border-radius:45px;text-shadow:none;-moz-text-shadow:none;-webkit-text-shadow:none\"><i class=\"sui sui-chevron-right\" style=\"font-size:17px;color:#868686\"><\/i> <\/span><\/a>\n<a href=\"https:\/\/www.ds.cz\/praha-1-mala-strana\/\" class=\"su-button su-button-style-ghost alignleft\" style=\"color:#000000;background-color:#dddddd;border-color:#b1b1b1;border-radius:45px;-moz-border-radius:45px;-webkit-border-radius:45px\" target=\"_self\" title=\"Prev\"><span style=\"color:#000000;padding:7px 22px;font-size:17px;line-height:26px;border-color:#e8e8e8;border-radius:45px;-moz-border-radius:45px;-webkit-border-radius:45px;text-shadow:none;-moz-text-shadow:none;-webkit-text-shadow:none\"><i class=\"sui sui-chevron-left\" style=\"font-size:17px;color:#868686\"><\/i> <\/span><\/a><\/div>\n<p>&nbsp;<\/p>\n<hr class=\"modra-cara\">\n<div style=\"background-color: #f5f5f5; width: 100%;\">\n<div style=\"padding: 30px 30px 30px 30px;\">\n<div class=\"su-row\"><div class=\"su-column su-column-size-1-2\"><div class=\"su-column-inner su-u-clearfix su-u-trim\">\n<a href=\"https:\/\/www.ds.cz\/objekty-ds\/masarykovo-nabr-224-32-praha-1\/\" class=\"su-button su-button-style-glass su-button-wide\" style=\"color:#ffffff;background-color:#275589;border-color:#20446e;border-radius:9px;-moz-border-radius:9px;-webkit-border-radius:9px\" target=\"_self\"><span style=\"color:#ffffff;padding:8px 24px;font-size:18px;line-height:27px;border-color:#6888ad;border-radius:9px;-moz-border-radius:9px;-webkit-border-radius:9px;text-shadow:none;-moz-text-shadow:none;-webkit-text-shadow:none\"><img decoding=\"async\" src=\"https:\/\/www.ds.cz\/wp-content\/uploads\/2019\/05\/1location-marker-icon-16.png\" alt=\"Masarykovo n\u00e1b\u0159. 224\/32\" style=\"width:27px;height:27px\" \/> Masarykovo n\u00e1b\u0159. 224\/32<\/span><\/a>\n<a href=\"https:\/\/www.ds.cz\/vaclavske-nam-816-49-praha-1\/\" class=\"su-button su-button-style-glass su-button-wide\" style=\"color:#ffffff;background-color:#275589;border-color:#20446e;border-radius:9px;-moz-border-radius:9px;-webkit-border-radius:9px\" target=\"_self\"><span style=\"color:#ffffff;padding:8px 24px;font-size:18px;line-height:27px;border-color:#6888ad;border-radius:9px;-moz-border-radius:9px;-webkit-border-radius:9px;text-shadow:none;-moz-text-shadow:none;-webkit-text-shadow:none\"><img decoding=\"async\" src=\"https:\/\/www.ds.cz\/wp-content\/uploads\/2019\/05\/2location-marker-icon-16.png\" alt=\"\u00a0 \u00a0 V\u00e1clavsk\u00e9 n\u00e1m. 816\/49 \" style=\"width:27px;height:27px\" \/> \u00a0 \u00a0 V\u00e1clavsk\u00e9 n\u00e1m. 816\/49 <\/span><\/a>\n<a href=\"https:\/\/www.ds.cz\/objekty-ds\/vaclavske-nam-1282-51-praha-1\/\" class=\"su-button su-button-style-glass su-button-wide\" style=\"color:#ffffff;background-color:#275589;border-color:#20446e;border-radius:9px;-moz-border-radius:9px;-webkit-border-radius:9px\" target=\"_self\"><span style=\"color:#ffffff;padding:8px 24px;font-size:18px;line-height:27px;border-color:#6888ad;border-radius:9px;-moz-border-radius:9px;-webkit-border-radius:9px;text-shadow:none;-moz-text-shadow:none;-webkit-text-shadow:none\"><img decoding=\"async\" src=\"https:\/\/www.ds.cz\/wp-content\/uploads\/2019\/05\/3location-marker-icon-16.png\" alt=\"\u00a0 V\u00e1clavsk\u00e9 n\u00e1m. 1282\/51 \" style=\"width:27px;height:27px\" \/> \u00a0 V\u00e1clavsk\u00e9 n\u00e1m. 1282\/51 <\/span><\/a>\n<div class=\"su-image-carousel  su-image-carousel-columns-3 su-image-carousel-crop su-image-carousel-crop-16-9 su-image-carousel-has-lightbox su-image-carousel-has-outline su-image-carousel-adaptive su-image-carousel-slides-style-default su-image-carousel-controls-style-dark su-image-carousel-align-none\" style=\"\" data-flickity-options='{\"groupCells\":true,\"cellSelector\":\".su-image-carousel-item\",\"adaptiveHeight\":false,\"cellAlign\":\"left\",\"prevNextButtons\":true,\"pageDots\":false,\"autoPlay\":5000,\"imagesLoaded\":true,\"contain\":true,\"selectedAttraction\":0.025000000000000001387778780781445675529539585113525390625,\"friction\":0.2800000000000000266453525910037569701671600341796875}' id=\"su_image_carousel_69f2edcce2a75\"><div class=\"su-image-carousel-item\"><div class=\"su-image-carousel-item-content\"><a href=\"https:\/\/www.ds.cz\/wp-content\/uploads\/2019\/05\/MAS-e1559039522331.jpg\" target=\"_blank\" rel=\"noopener noreferrer\" data-caption=\"\"><img loading=\"lazy\" decoding=\"async\" width=\"1093\" height=\"1513\" src=\"https:\/\/www.ds.cz\/wp-content\/uploads\/2019\/05\/MAS-e1559039522331.jpg\" class=\"\" alt=\"Praha 1 \u2013 Nov\u00e9 M\u011bsto\" srcset=\"https:\/\/www.ds.cz\/wp-content\/uploads\/2019\/05\/MAS-e1559039522331.jpg 1093w, https:\/\/www.ds.cz\/wp-content\/uploads\/2019\/05\/MAS-e1559039522331-217x300.jpg 217w, https:\/\/www.ds.cz\/wp-content\/uploads\/2019\/05\/MAS-e1559039522331-768x1063.jpg 768w, https:\/\/www.ds.cz\/wp-content\/uploads\/2019\/05\/MAS-e1559039522331-740x1024.jpg 740w\" sizes=\"(max-width: 1093px) 100vw, 1093px\" \/><\/a><\/div><\/div><div class=\"su-image-carousel-item\"><div class=\"su-image-carousel-item-content\"><a href=\"https:\/\/www.ds.cz\/wp-content\/uploads\/2019\/05\/VN49-e1559039548975.jpg\" target=\"_blank\" rel=\"noopener noreferrer\" data-caption=\"\"><img loading=\"lazy\" decoding=\"async\" width=\"540\" height=\"432\" src=\"https:\/\/www.ds.cz\/wp-content\/uploads\/2019\/05\/VN49-e1559039548975.jpg\" class=\"\" alt=\"Praha 1 \u2013 Nov\u00e9 M\u011bsto\" srcset=\"https:\/\/www.ds.cz\/wp-content\/uploads\/2019\/05\/VN49-e1559039548975.jpg 540w, https:\/\/www.ds.cz\/wp-content\/uploads\/2019\/05\/VN49-e1559039548975-300x240.jpg 300w\" sizes=\"(max-width: 540px) 100vw, 540px\" \/><\/a><\/div><\/div><div class=\"su-image-carousel-item\"><div class=\"su-image-carousel-item-content\"><a href=\"https:\/\/www.ds.cz\/wp-content\/uploads\/2019\/05\/VN-51.jpg\" target=\"_blank\" rel=\"noopener noreferrer\" data-caption=\"\"><img loading=\"lazy\" decoding=\"async\" width=\"1137\" height=\"1757\" src=\"https:\/\/www.ds.cz\/wp-content\/uploads\/2019\/05\/VN-51.jpg\" class=\"\" alt=\"Praha 1 \u2013 Nov\u00e9 M\u011bsto\" srcset=\"https:\/\/www.ds.cz\/wp-content\/uploads\/2019\/05\/VN-51.jpg 1137w, https:\/\/www.ds.cz\/wp-content\/uploads\/2019\/05\/VN-51-194x300.jpg 194w, https:\/\/www.ds.cz\/wp-content\/uploads\/2019\/05\/VN-51-768x1187.jpg 768w, https:\/\/www.ds.cz\/wp-content\/uploads\/2019\/05\/VN-51-663x1024.jpg 663w\" sizes=\"(max-width: 1137px) 100vw, 1137px\" \/><\/a><\/div><\/div><\/div><script id=\"su_image_carousel_69f2edcce2a75_script\">if(window.SUImageCarousel){setTimeout(function() {window.SUImageCarousel.initGallery(document.getElementById(\"su_image_carousel_69f2edcce2a75\"))}, 0);}var su_image_carousel_69f2edcce2a75_script=document.getElementById(\"su_image_carousel_69f2edcce2a75_script\");if(su_image_carousel_69f2edcce2a75_script){su_image_carousel_69f2edcce2a75_script.parentNode.removeChild(su_image_carousel_69f2edcce2a75_script);}<\/script>\n<\/div><\/div>\n<div class=\"su-column su-column-size-1-2\"><div class=\"su-column-inner su-u-clearfix su-u-trim\">\n<p><a href=\"https:\/\/www.ds.cz\/wp-content\/uploads\/2019\/05\/novemesto.png\"><img loading=\"lazy\" decoding=\"async\" class=\"aligncenter wp-image-1568 size-full\" src=\"https:\/\/www.ds.cz\/wp-content\/uploads\/2019\/05\/novemesto.png\" alt=\"\" width=\"1611\" height=\"897\" \/><\/a><br \/>\n<\/div><\/div><\/div>\n<\/div>\n<\/div>\n<p>&nbsp;<\/p>\n<hr class=\"modra-cara\">","protected":false},"excerpt":{"rendered":"<p>&nbsp; &nbsp;<\/p>\n","protected":false},"author":2,"featured_media":0,"parent":808,"menu_order":0,"comment_status":"closed","ping_status":"closed","template":"","meta":{"_acf_changed":false,"footnotes":""},"acf":[],"aioseo_notices":[],"_links":{"self":[{"href":"https:\/\/www.ds.cz\/en\/wp-json\/wp\/v2\/pages\/1512"}],"collection":[{"href":"https:\/\/www.ds.cz\/en\/wp-json\/wp\/v2\/pages"}],"about":[{"href":"https:\/\/www.ds.cz\/en\/wp-json\/wp\/v2\/types\/page"}],"author":[{"embeddable":true,"href":"https:\/\/www.ds.cz\/en\/wp-json\/wp\/v2\/users\/2"}],"replies":[{"embeddable":true,"href":"https:\/\/www.ds.cz\/en\/wp-json\/wp\/v2\/comments?post=1512"}],"version-history":[{"count":7,"href":"https:\/\/www.ds.cz\/en\/wp-json\/wp\/v2\/pages\/1512\/revisions"}],"predecessor-version":[{"id":9286,"href":"https:\/\/www.ds.cz\/en\/wp-json\/wp\/v2\/pages\/1512\/revisions\/9286"}],"up":[{"embeddable":true,"href":"https:\/\/www.ds.cz\/en\/wp-json\/wp\/v2\/pages\/808"}],"wp:attachment":[{"href":"https:\/\/www.ds.cz\/en\/wp-json\/wp\/v2\/media?parent=1512"}],"curies":[{"name":"wp","href":"https:\/\/api.w.org\/{rel}","templated":true}]}}