{"id":1530,"date":"2019-05-15T14:20:49","date_gmt":"2019-05-15T12:20:49","guid":{"rendered":"https:\/\/www.ds.cz\/?page_id=1530"},"modified":"2024-06-11T15:31:44","modified_gmt":"2024-06-11T13:31:44","slug":"praha-6-stresovice","status":"publish","type":"page","link":"https:\/\/www.ds.cz\/en\/objekty-ds\/praha-6-stresovice\/","title":{"rendered":"Prague 6 &#8211; St\u0159e\u0161ovice"},"content":{"rendered":"<style>\n        .modra-cara {\n            border: none; \/* Zru\u0161\u00ed v\u00fdchoz\u00ed styl hrany *\/\n            height: 1px; \/* Nastav\u00ed tlou\u0161\u0165ku \u010d\u00e1ry *\/\n            background-color: #00008B; \/* Nastav\u00ed tmav\u011b modrou barvu *\/\n        }\n.cervena-cara {\n            border: none; \/* Zru\u0161\u00ed v\u00fdchoz\u00ed styl hrany *\/\n            height: 1px; \/* Nastav\u00ed tlou\u0161\u0165ku \u010d\u00e1ry *\/\n            background-color: #a10025\/* Nastav\u00ed tmav\u011b \u010dervenou barvu *\/\n        }\n  <\/style>\n<div style=\"padding: 10px 30px 30px 30px;\"><a href=\"https:\/\/www.ds.cz\/praha-7-troja\/\" class=\"su-button su-button-style-ghost alignright\" style=\"color:#000000;background-color:#dddddd;border-color:#b1b1b1;border-radius:45px;-moz-border-radius:45px;-webkit-border-radius:45px\" target=\"_self\" title=\"Next\"><span style=\"color:#000000;padding:7px 22px;font-size:17px;line-height:26px;border-color:#e8e8e8;border-radius:45px;-moz-border-radius:45px;-webkit-border-radius:45px;text-shadow:none;-moz-text-shadow:none;-webkit-text-shadow:none\"><i class=\"sui sui-chevron-right\" style=\"font-size:17px;color:#868686\"><\/i> <\/span><\/a>\n<a href=\"https:\/\/www.ds.cz\/praha-6-hradcany\/\" class=\"su-button su-button-style-ghost alignleft\" style=\"color:#000000;background-color:#dddddd;border-color:#b1b1b1;border-radius:45px;-moz-border-radius:45px;-webkit-border-radius:45px\" target=\"_self\" title=\"Prev\"><span style=\"color:#000000;padding:7px 22px;font-size:17px;line-height:26px;border-color:#e8e8e8;border-radius:45px;-moz-border-radius:45px;-webkit-border-radius:45px;text-shadow:none;-moz-text-shadow:none;-webkit-text-shadow:none\"><i class=\"sui sui-chevron-left\" style=\"font-size:17px;color:#868686\"><\/i> <\/span><\/a><\/div>\n<p>&nbsp;<\/p>\n<hr class=\"modra-cara\">\n<div style=\"background-color: #f5f5f5; width: 100%;\">\n<div style=\"padding: 30px 30px 30px 30px;\">\n<div class=\"su-row\"><div class=\"su-column su-column-size-1-2\"><div class=\"su-column-inner su-u-clearfix su-u-trim\">\n<a href=\"https:\/\/www.ds.cz\/pod-hradbami-666-1\/\" class=\"su-button su-button-style-glass su-button-wide\" style=\"color:#ffffff;background-color:#275589;border-color:#20446e;border-radius:9px;-moz-border-radius:9px;-webkit-border-radius:9px\" target=\"_self\"><span style=\"color:#ffffff;padding:8px 24px;font-size:18px;line-height:27px;border-color:#6888ad;border-radius:9px;-moz-border-radius:9px;-webkit-border-radius:9px;text-shadow:none;-moz-text-shadow:none;-webkit-text-shadow:none\"><img decoding=\"async\" src=\"https:\/\/www.ds.cz\/wp-content\/uploads\/2019\/05\/1location-marker-icon-16.png\" alt=\"\u00a0 Pod Hradbami 666\/1\" style=\"width:27px;height:27px\" \/> \u00a0 Pod Hradbami 666\/1<\/span><\/a>\n<a href=\"https:\/\/www.ds.cz\/pod-hradbami-662-9\/\" class=\"su-button su-button-style-glass su-button-wide\" style=\"color:#ffffff;background-color:#275589;border-color:#20446e;border-radius:9px;-moz-border-radius:9px;-webkit-border-radius:9px\" target=\"_self\"><span style=\"color:#ffffff;padding:8px 24px;font-size:18px;line-height:27px;border-color:#6888ad;border-radius:9px;-moz-border-radius:9px;-webkit-border-radius:9px;text-shadow:none;-moz-text-shadow:none;-webkit-text-shadow:none\"><img decoding=\"async\" src=\"https:\/\/www.ds.cz\/wp-content\/uploads\/2019\/05\/2location-marker-icon-16.png\" alt=\"Pod Hradbami 662\/9\" style=\"width:27px;height:27px\" \/> Pod Hradbami 662\/9<\/span><\/a>\n<a href=\"https:\/\/www.ds.cz\/slunna-548-23\/\" class=\"su-button su-button-style-glass su-button-wide\" style=\"color:#ffffff;background-color:#275589;border-color:#20446e;border-radius:9px;-moz-border-radius:9px;-webkit-border-radius:9px\" target=\"_self\"><span style=\"color:#ffffff;padding:8px 24px;font-size:18px;line-height:27px;border-color:#6888ad;border-radius:9px;-moz-border-radius:9px;-webkit-border-radius:9px;text-shadow:none;-moz-text-shadow:none;-webkit-text-shadow:none\"><img decoding=\"async\" src=\"https:\/\/www.ds.cz\/wp-content\/uploads\/2019\/05\/3location-marker-icon-16.png\" alt=\"\u00a0 \u00a0 \u00a0 \u00a0 \u00a0 \u00a0Slunn\u00e1 548\/23\" style=\"width:27px;height:27px\" \/> \u00a0 \u00a0 \u00a0 \u00a0 \u00a0 \u00a0Slunn\u00e1 548\/23<\/span><\/a>\n<div class=\"su-image-carousel  su-image-carousel-columns-3 su-image-carousel-crop su-image-carousel-crop-16-9 su-image-carousel-has-lightbox su-image-carousel-has-outline su-image-carousel-adaptive su-image-carousel-slides-style-default su-image-carousel-controls-style-dark su-image-carousel-align-none\" style=\"\" data-flickity-options='{\"groupCells\":true,\"cellSelector\":\".su-image-carousel-item\",\"adaptiveHeight\":false,\"cellAlign\":\"left\",\"prevNextButtons\":true,\"pageDots\":false,\"autoPlay\":5000,\"imagesLoaded\":true,\"contain\":true,\"selectedAttraction\":0.025000000000000001387778780781445675529539585113525390625,\"friction\":0.2800000000000000266453525910037569701671600341796875}' id=\"su_image_carousel_69f28312ab4da\"><div class=\"su-image-carousel-item\"><div class=\"su-image-carousel-item-content\"><a href=\"https:\/\/www.ds.cz\/wp-content\/uploads\/2019\/05\/Slunn\u00e1.jpg\" target=\"_blank\" rel=\"noopener noreferrer\" data-caption=\"\"><img loading=\"lazy\" decoding=\"async\" width=\"1732\" height=\"2309\" src=\"https:\/\/www.ds.cz\/wp-content\/uploads\/2019\/05\/Slunn\u00e1.jpg\" class=\"\" alt=\"Slunn\u00e1\" srcset=\"https:\/\/www.ds.cz\/wp-content\/uploads\/2019\/05\/Slunn\u00e1.jpg 1732w, https:\/\/www.ds.cz\/wp-content\/uploads\/2019\/05\/Slunn\u00e1-225x300.jpg 225w, https:\/\/www.ds.cz\/wp-content\/uploads\/2019\/05\/Slunn\u00e1-768x1024.jpg 768w\" sizes=\"(max-width: 1732px) 100vw, 1732px\" \/><span><\/span><\/a><\/div><\/div><div class=\"su-image-carousel-item\"><div class=\"su-image-carousel-item-content\"><a href=\"https:\/\/www.ds.cz\/wp-content\/uploads\/2019\/05\/Pod-Hradbami-1.jpg\" target=\"_blank\" rel=\"noopener noreferrer\" data-caption=\"\"><img loading=\"lazy\" decoding=\"async\" width=\"2449\" height=\"1632\" src=\"https:\/\/www.ds.cz\/wp-content\/uploads\/2019\/05\/Pod-Hradbami-1.jpg\" class=\"\" alt=\"Pod Hradbami 1\" srcset=\"https:\/\/www.ds.cz\/wp-content\/uploads\/2019\/05\/Pod-Hradbami-1.jpg 2449w, https:\/\/www.ds.cz\/wp-content\/uploads\/2019\/05\/Pod-Hradbami-1-300x200.jpg 300w, https:\/\/www.ds.cz\/wp-content\/uploads\/2019\/05\/Pod-Hradbami-1-768x512.jpg 768w, https:\/\/www.ds.cz\/wp-content\/uploads\/2019\/05\/Pod-Hradbami-1-1024x682.jpg 1024w\" sizes=\"(max-width: 2449px) 100vw, 2449px\" \/><span><\/span><\/a><\/div><\/div><div class=\"su-image-carousel-item\"><div class=\"su-image-carousel-item-content\"><a href=\"https:\/\/www.ds.cz\/wp-content\/uploads\/2019\/05\/Pod-Hradbami-9.jpg\" target=\"_blank\" rel=\"noopener noreferrer\" data-caption=\"\"><img loading=\"lazy\" decoding=\"async\" width=\"1742\" height=\"1249\" src=\"https:\/\/www.ds.cz\/wp-content\/uploads\/2019\/05\/Pod-Hradbami-9.jpg\" class=\"\" alt=\"Pod Hradbami 9\" srcset=\"https:\/\/www.ds.cz\/wp-content\/uploads\/2019\/05\/Pod-Hradbami-9.jpg 1742w, https:\/\/www.ds.cz\/wp-content\/uploads\/2019\/05\/Pod-Hradbami-9-300x215.jpg 300w, https:\/\/www.ds.cz\/wp-content\/uploads\/2019\/05\/Pod-Hradbami-9-768x551.jpg 768w, https:\/\/www.ds.cz\/wp-content\/uploads\/2019\/05\/Pod-Hradbami-9-1024x734.jpg 1024w\" sizes=\"(max-width: 1742px) 100vw, 1742px\" \/><span><\/span><\/a><\/div><\/div><\/div><script id=\"su_image_carousel_69f28312ab4da_script\">if(window.SUImageCarousel){setTimeout(function() {window.SUImageCarousel.initGallery(document.getElementById(\"su_image_carousel_69f28312ab4da\"))}, 0);}var su_image_carousel_69f28312ab4da_script=document.getElementById(\"su_image_carousel_69f28312ab4da_script\");if(su_image_carousel_69f28312ab4da_script){su_image_carousel_69f28312ab4da_script.parentNode.removeChild(su_image_carousel_69f28312ab4da_script);}<\/script>\n<\/div><\/div>\n<div class=\"su-column su-column-size-1-2\"><div class=\"su-column-inner su-u-clearfix su-u-trim\">\n<p><a href=\"https:\/\/www.ds.cz\/wp-content\/uploads\/2019\/05\/stresovice.png\"><img loading=\"lazy\" decoding=\"async\" class=\"aligncenter wp-image-1568 size-full\" src=\"https:\/\/www.ds.cz\/wp-content\/uploads\/2019\/05\/stresovice.png\" alt=\"Prague 6 \u2013 St\u0159e\u0161ovice\" width=\"1611\" height=\"897\" \/><\/a><br \/>\n<\/div><\/div><\/div>\n<\/div>\n<\/div>\n<p>&nbsp;<\/p>\n<hr class=\"modra-cara\">","protected":false},"excerpt":{"rendered":"<p>&nbsp; &nbsp;<\/p>\n","protected":false},"author":2,"featured_media":0,"parent":808,"menu_order":0,"comment_status":"closed","ping_status":"closed","template":"","meta":{"_acf_changed":false,"footnotes":""},"acf":[],"aioseo_notices":[],"_links":{"self":[{"href":"https:\/\/www.ds.cz\/en\/wp-json\/wp\/v2\/pages\/1530"}],"collection":[{"href":"https:\/\/www.ds.cz\/en\/wp-json\/wp\/v2\/pages"}],"about":[{"href":"https:\/\/www.ds.cz\/en\/wp-json\/wp\/v2\/types\/page"}],"author":[{"embeddable":true,"href":"https:\/\/www.ds.cz\/en\/wp-json\/wp\/v2\/users\/2"}],"replies":[{"embeddable":true,"href":"https:\/\/www.ds.cz\/en\/wp-json\/wp\/v2\/comments?post=1530"}],"version-history":[{"count":6,"href":"https:\/\/www.ds.cz\/en\/wp-json\/wp\/v2\/pages\/1530\/revisions"}],"predecessor-version":[{"id":9298,"href":"https:\/\/www.ds.cz\/en\/wp-json\/wp\/v2\/pages\/1530\/revisions\/9298"}],"up":[{"embeddable":true,"href":"https:\/\/www.ds.cz\/en\/wp-json\/wp\/v2\/pages\/808"}],"wp:attachment":[{"href":"https:\/\/www.ds.cz\/en\/wp-json\/wp\/v2\/media?parent=1530"}],"curies":[{"name":"wp","href":"https:\/\/api.w.org\/{rel}","templated":true}]}}