{"id":1566,"date":"2019-05-15T15:43:33","date_gmt":"2019-05-15T13:43:33","guid":{"rendered":"https:\/\/www.ds.cz\/?page_id=1566"},"modified":"2024-06-11T15:16:50","modified_gmt":"2024-06-11T13:16:50","slug":"praha-1-hradcany","status":"publish","type":"page","link":"https:\/\/www.ds.cz\/en\/objekty-ds\/praha-1-hradcany\/","title":{"rendered":"Prague 1 &#8211; Hrad\u010dany"},"content":{"rendered":"<style>\n        .modra-cara {\n            border: none; \/* Zru\u0161\u00ed v\u00fdchoz\u00ed styl hrany *\/\n            height: 1px; \/* Nastav\u00ed tlou\u0161\u0165ku \u010d\u00e1ry *\/\n            background-color: #00008B; \/* Nastav\u00ed tmav\u011b modrou barvu *\/\n        }\n.cervena-cara {\n            border: none; \/* Zru\u0161\u00ed v\u00fdchoz\u00ed styl hrany *\/\n            height: 1px; \/* Nastav\u00ed tlou\u0161\u0165ku \u010d\u00e1ry *\/\n            background-color: #a10025\/* Nastav\u00ed tmav\u011b \u010dervenou barvu *\/\n        }\n  <\/style>\n<div style=\"padding: 10px 30px 30px 30px;\"><a href=\"https:\/\/www.ds.cz\/praha-1-mala-strana\/\" class=\"su-button su-button-style-ghost alignright\" style=\"color:#000000;background-color:#dddddd;border-color:#b1b1b1;border-radius:45px;-moz-border-radius:45px;-webkit-border-radius:45px\" target=\"_self\" title=\"Next\"><span style=\"color:#000000;padding:7px 22px;font-size:17px;line-height:26px;border-color:#e8e8e8;border-radius:45px;-moz-border-radius:45px;-webkit-border-radius:45px;text-shadow:none;-moz-text-shadow:none;-webkit-text-shadow:none\"><i class=\"sui sui-chevron-right\" style=\"font-size:17px;color:#868686\"><\/i> <\/span><\/a>\n<a href=\"https:\/\/www.ds.cz\/praha-10\/\" class=\"su-button su-button-style-ghost alignleft\" style=\"color:#000000;background-color:#dddddd;border-color:#b1b1b1;border-radius:45px;-moz-border-radius:45px;-webkit-border-radius:45px\" target=\"_self\" title=\"Prev\"><span style=\"color:#000000;padding:7px 22px;font-size:17px;line-height:26px;border-color:#e8e8e8;border-radius:45px;-moz-border-radius:45px;-webkit-border-radius:45px;text-shadow:none;-moz-text-shadow:none;-webkit-text-shadow:none\"><i class=\"sui sui-chevron-left\" style=\"font-size:17px;color:#868686\"><\/i> <\/span><\/a><\/div>\n<p>&nbsp;<\/p>\n<hr class=\"modra-cara\">\n<div style=\"background-color: #f5f5f5; width: 100%;\">\n<div style=\"padding: 30px 30px 30px 30px;\">\n<div class=\"su-row\"><div class=\"su-column su-column-size-1-2\"><div class=\"su-column-inner su-u-clearfix su-u-trim\">\n<a href=\"https:\/\/www.ds.cz\/objekty-ds\/kanovnicka-70-4-praha1\/\" class=\"su-button su-button-style-glass su-button-wide\" style=\"color:#ffffff;background-color:#275589;border-color:#20446e;border-radius:9px;-moz-border-radius:9px;-webkit-border-radius:9px\" target=\"_self\"><span style=\"color:#ffffff;padding:8px 24px;font-size:18px;line-height:27px;border-color:#6888ad;border-radius:9px;-moz-border-radius:9px;-webkit-border-radius:9px;text-shadow:none;-moz-text-shadow:none;-webkit-text-shadow:none\"><img decoding=\"async\" src=\"https:\/\/www.ds.cz\/wp-content\/uploads\/2019\/05\/1location-marker-icon-16.png\" alt=\"\nKanovnick\u00e1 70\/4 \" style=\"width:27px;height:27px\" \/> \nKanovnick\u00e1 70\/4 <\/span><\/a>\n<div class=\"su-image-carousel  su-image-carousel-crop su-image-carousel-crop-16-9 su-image-carousel-has-lightbox su-image-carousel-has-outline su-image-carousel-adaptive su-image-carousel-slides-style-default su-image-carousel-controls-style-dark su-image-carousel-align-none\" style=\"\" data-flickity-options='{\"groupCells\":true,\"cellSelector\":\".su-image-carousel-item\",\"adaptiveHeight\":false,\"cellAlign\":\"left\",\"prevNextButtons\":true,\"pageDots\":false,\"autoPlay\":5000,\"imagesLoaded\":true,\"contain\":true,\"selectedAttraction\":0.025000000000000001387778780781445675529539585113525390625,\"friction\":0.2800000000000000266453525910037569701671600341796875}' id=\"su_image_carousel_69f2d60bea076\"><div class=\"su-image-carousel-item\"><div class=\"su-image-carousel-item-content\"><a href=\"https:\/\/www.ds.cz\/wp-content\/uploads\/2019\/05\/Kanovnick\u00e14-e1559044001794.png\" target=\"_blank\" rel=\"noopener noreferrer\" data-caption=\"\"><img loading=\"lazy\" decoding=\"async\" width=\"300\" height=\"184\" src=\"https:\/\/www.ds.cz\/wp-content\/uploads\/2019\/05\/Kanovnick\u00e14-300x184.png\" class=\"\" alt=\"Praha 1 \u2013 Hrad\u010dany\" srcset=\"https:\/\/www.ds.cz\/wp-content\/uploads\/2019\/05\/Kanovnick\u00e14-300x184.png 300w, https:\/\/www.ds.cz\/wp-content\/uploads\/2019\/05\/Kanovnick\u00e14-768x471.png 768w, https:\/\/www.ds.cz\/wp-content\/uploads\/2019\/05\/Kanovnick\u00e14-1024x628.png 1024w, https:\/\/www.ds.cz\/wp-content\/uploads\/2019\/05\/Kanovnick\u00e14-e1559044001794.png 800w\" sizes=\"(max-width: 300px) 100vw, 300px\" \/><\/a><\/div><\/div><\/div><script id=\"su_image_carousel_69f2d60bea076_script\">if(window.SUImageCarousel){setTimeout(function() {window.SUImageCarousel.initGallery(document.getElementById(\"su_image_carousel_69f2d60bea076\"))}, 0);}var su_image_carousel_69f2d60bea076_script=document.getElementById(\"su_image_carousel_69f2d60bea076_script\");if(su_image_carousel_69f2d60bea076_script){su_image_carousel_69f2d60bea076_script.parentNode.removeChild(su_image_carousel_69f2d60bea076_script);}<\/script>\n<\/div><\/div>\n<div class=\"su-animate\" style=\"opacity:0;-webkit-animation-duration:1s;-webkit-animation-delay:0s;animation-duration:1s;animation-delay:0s;\" data-animation=\"fadeInRight\" data-duration=\"1\" data-delay=\"0\"><\/div><div class=\"su-column su-column-size-1-2\"><div class=\"su-column-inner su-u-clearfix su-u-trim\">\n<a href=\"https:\/\/www.ds.cz\/wp-content\/uploads\/2019\/05\/kanovnicka.png\"><img loading=\"lazy\" decoding=\"async\" class=\"aligncenter wp-image-1568 size-full\" src=\"https:\/\/www.ds.cz\/wp-content\/uploads\/2019\/05\/kanovnicka.png\" alt=\"Prague 1 \u2013 Hrad\u010dany\" width=\"1611\" height=\"897\" srcset=\"https:\/\/www.ds.cz\/wp-content\/uploads\/2019\/05\/kanovnicka.png 1611w, https:\/\/www.ds.cz\/wp-content\/uploads\/2019\/05\/kanovnicka-300x167.png 300w, https:\/\/www.ds.cz\/wp-content\/uploads\/2019\/05\/kanovnicka-768x428.png 768w, https:\/\/www.ds.cz\/wp-content\/uploads\/2019\/05\/kanovnicka-1024x570.png 1024w\" sizes=\"(max-width: 1611px) 100vw, 1611px\" \/><\/a><br \/>\n<\/div><\/div><\/div>\n<\/div>\n<\/div>\n<p>&nbsp;<\/p>\n<hr class=\"modra-cara\">","protected":false},"excerpt":{"rendered":"<p>&nbsp; &nbsp;<\/p>\n","protected":false},"author":2,"featured_media":0,"parent":808,"menu_order":0,"comment_status":"closed","ping_status":"closed","template":"","meta":{"_acf_changed":false,"footnotes":""},"acf":[],"aioseo_notices":[],"_links":{"self":[{"href":"https:\/\/www.ds.cz\/en\/wp-json\/wp\/v2\/pages\/1566"}],"collection":[{"href":"https:\/\/www.ds.cz\/en\/wp-json\/wp\/v2\/pages"}],"about":[{"href":"https:\/\/www.ds.cz\/en\/wp-json\/wp\/v2\/types\/page"}],"author":[{"embeddable":true,"href":"https:\/\/www.ds.cz\/en\/wp-json\/wp\/v2\/users\/2"}],"replies":[{"embeddable":true,"href":"https:\/\/www.ds.cz\/en\/wp-json\/wp\/v2\/comments?post=1566"}],"version-history":[{"count":82,"href":"https:\/\/www.ds.cz\/en\/wp-json\/wp\/v2\/pages\/1566\/revisions"}],"predecessor-version":[{"id":9283,"href":"https:\/\/www.ds.cz\/en\/wp-json\/wp\/v2\/pages\/1566\/revisions\/9283"}],"up":[{"embeddable":true,"href":"https:\/\/www.ds.cz\/en\/wp-json\/wp\/v2\/pages\/808"}],"wp:attachment":[{"href":"https:\/\/www.ds.cz\/en\/wp-json\/wp\/v2\/media?parent=1566"}],"curies":[{"name":"wp","href":"https:\/\/api.w.org\/{rel}","templated":true}]}}