{"id":1794,"date":"2019-05-16T10:19:22","date_gmt":"2019-05-16T08:19:22","guid":{"rendered":"https:\/\/www.ds.cz\/?page_id=1794"},"modified":"2024-06-11T15:22:27","modified_gmt":"2024-06-11T13:22:27","slug":"praha-2-nove-mesto-2","status":"publish","type":"page","link":"https:\/\/www.ds.cz\/en\/objekty-ds\/praha-2-nove-mesto-2\/","title":{"rendered":"Prague 2 &#8211; Nov\u00e9 M\u011bsto"},"content":{"rendered":"<style>\n        .modra-cara {\n            border: none; \/* Zru\u0161\u00ed v\u00fdchoz\u00ed styl hrany *\/\n            height: 1px; \/* Nastav\u00ed tlou\u0161\u0165ku \u010d\u00e1ry *\/\n            background-color: #00008B; \/* Nastav\u00ed tmav\u011b modrou barvu *\/\n        }\n.cervena-cara {\n            border: none; \/* Zru\u0161\u00ed v\u00fdchoz\u00ed styl hrany *\/\n            height: 1px; \/* Nastav\u00ed tlou\u0161\u0165ku \u010d\u00e1ry *\/\n            background-color: #a10025\/* Nastav\u00ed tmav\u011b \u010dervenou barvu *\/\n        }\n  <\/style>\n<div style=\"padding: 10px 30px 30px 30px;\"><a href=\"https:\/\/www.ds.cz\/praha-3-zizkov-2\/\" class=\"su-button su-button-style-ghost alignright\" style=\"color:#000000;background-color:#dddddd;border-color:#b1b1b1;border-radius:45px;-moz-border-radius:45px;-webkit-border-radius:45px\" target=\"_self\" title=\"Next\"><span style=\"color:#000000;padding:7px 22px;font-size:17px;line-height:26px;border-color:#e8e8e8;border-radius:45px;-moz-border-radius:45px;-webkit-border-radius:45px;text-shadow:none;-moz-text-shadow:none;-webkit-text-shadow:none\"><i class=\"sui sui-chevron-right\" style=\"font-size:17px;color:#868686\"><\/i> <\/span><\/a>\n<a href=\"https:\/\/www.ds.cz\/praha-2-vinohrady-2\/\" class=\"su-button su-button-style-ghost alignleft\" style=\"color:#000000;background-color:#dddddd;border-color:#b1b1b1;border-radius:45px;-moz-border-radius:45px;-webkit-border-radius:45px\" target=\"_self\" title=\"Prev\"><span style=\"color:#000000;padding:7px 22px;font-size:17px;line-height:26px;border-color:#e8e8e8;border-radius:45px;-moz-border-radius:45px;-webkit-border-radius:45px;text-shadow:none;-moz-text-shadow:none;-webkit-text-shadow:none\"><i class=\"sui sui-chevron-left\" style=\"font-size:17px;color:#868686\"><\/i> <\/span><\/a><\/div>\n<p>&nbsp;<\/p>\n<hr class=\"modra-cara\">\n<div style=\"background-color: #f5f5f5; width: 100%;\">\n<div style=\"padding: 30px 30px 30px 30px;\">\n<div class=\"su-row\"><div class=\"su-column su-column-size-1-2\"><div class=\"su-column-inner su-u-clearfix su-u-trim\">\n<a href=\"https:\/\/www.ds.cz\/objekty-ds\/rasinovo-nabr-1897-72\/\" class=\"su-button su-button-style-glass su-button-wide\" style=\"color:#ffffff;background-color:#275589;border-color:#20446e;border-radius:9px;-moz-border-radius:9px;-webkit-border-radius:9px\" target=\"_self\"><span style=\"color:#ffffff;padding:8px 24px;font-size:18px;line-height:27px;border-color:#6888ad;border-radius:9px;-moz-border-radius:9px;-webkit-border-radius:9px;text-shadow:none;-moz-text-shadow:none;-webkit-text-shadow:none\"><img decoding=\"async\" src=\"https:\/\/www.ds.cz\/wp-content\/uploads\/2019\/05\/1location-marker-icon-16.png\" alt=\" Ra\u0161\u00ednovo n\u00e1b\u0159e\u017e\u00ed 1897\/72\" style=\"width:27px;height:27px\" \/>  Ra\u0161\u00ednovo n\u00e1b\u0159e\u017e\u00ed 1897\/72<\/span><\/a>\n<div class=\"su-image-carousel  su-image-carousel-crop su-image-carousel-crop-16-9 su-image-carousel-has-lightbox su-image-carousel-has-outline su-image-carousel-adaptive su-image-carousel-slides-style-default su-image-carousel-controls-style-dark su-image-carousel-align-none\" style=\"\" data-flickity-options='{\"groupCells\":true,\"cellSelector\":\".su-image-carousel-item\",\"adaptiveHeight\":false,\"cellAlign\":\"left\",\"prevNextButtons\":true,\"pageDots\":false,\"autoPlay\":5000,\"imagesLoaded\":true,\"contain\":true,\"selectedAttraction\":0.025000000000000001387778780781445675529539585113525390625,\"friction\":0.2800000000000000266453525910037569701671600341796875}' id=\"su_image_carousel_69f56e0be991f\"><div class=\"su-image-carousel-item\"><div class=\"su-image-carousel-item-content\"><a href=\"https:\/\/www.ds.cz\/wp-content\/uploads\/2019\/05\/Ra\u0161\u00ednovo-n\u00e1b\u0159.-1-e1559207084641.png\" target=\"_blank\" rel=\"noopener noreferrer\" data-caption=\"\"><img loading=\"lazy\" decoding=\"async\" width=\"950\" height=\"689\" src=\"https:\/\/www.ds.cz\/wp-content\/uploads\/2019\/05\/Ra\u0161\u00ednovo-n\u00e1b\u0159.-1-e1559207084641.png\" class=\"\" alt=\"Ra\u0161\u00ednovo n\u00e1b\u0159.\" \/><\/a><\/div><\/div><\/div><script id=\"su_image_carousel_69f56e0be991f_script\">if(window.SUImageCarousel){setTimeout(function() {window.SUImageCarousel.initGallery(document.getElementById(\"su_image_carousel_69f56e0be991f\"))}, 0);}var su_image_carousel_69f56e0be991f_script=document.getElementById(\"su_image_carousel_69f56e0be991f_script\");if(su_image_carousel_69f56e0be991f_script){su_image_carousel_69f56e0be991f_script.parentNode.removeChild(su_image_carousel_69f56e0be991f_script);}<\/script>ing=&#8221;no&#8221; align=&#8221;none&#8221; max_width=&#8221;none&#8221; captions=&#8221;no&#8221; arrows=&#8221;yes&#8221; dots=&#8221;no&#8221; link=&#8221;lightbox&#8221; target=&#8221;blank&#8221; autoplay=&#8221;5&#8243; speed=&#8221;medium&#8221; image_size=&#8221;medium-large&#8221; class=&#8221;&#8221;]\n<\/div><\/div>\n<div class=\"su-column su-column-size-1-2\"><div class=\"su-column-inner su-u-clearfix su-u-trim\">\n<p><a href=\"https:\/\/www.ds.cz\/wp-content\/uploads\/2019\/05\/rasinovo.png\"><img loading=\"lazy\" decoding=\"async\" class=\"aligncenter wp-image-1568 size-full\" src=\"https:\/\/www.ds.cz\/wp-content\/uploads\/2019\/05\/rasinovo.png\" alt=\"Praha 2 \u2013 Nov\u00e9 M\u011bsto\" width=\"1611\" height=\"897\" \/><\/a><br \/>\n<\/div><\/div><\/div>\n<\/div>\n<\/div>\n<p>&nbsp;<\/p>\n<hr class=\"modra-cara\">","protected":false},"excerpt":{"rendered":"<p>&nbsp; &nbsp;<\/p>\n","protected":false},"author":2,"featured_media":0,"parent":808,"menu_order":0,"comment_status":"closed","ping_status":"closed","template":"","meta":{"_acf_changed":false,"footnotes":""},"acf":[],"aioseo_notices":[],"_links":{"self":[{"href":"https:\/\/www.ds.cz\/en\/wp-json\/wp\/v2\/pages\/1794"}],"collection":[{"href":"https:\/\/www.ds.cz\/en\/wp-json\/wp\/v2\/pages"}],"about":[{"href":"https:\/\/www.ds.cz\/en\/wp-json\/wp\/v2\/types\/page"}],"author":[{"embeddable":true,"href":"https:\/\/www.ds.cz\/en\/wp-json\/wp\/v2\/users\/2"}],"replies":[{"embeddable":true,"href":"https:\/\/www.ds.cz\/en\/wp-json\/wp\/v2\/comments?post=1794"}],"version-history":[{"count":5,"href":"https:\/\/www.ds.cz\/en\/wp-json\/wp\/v2\/pages\/1794\/revisions"}],"predecessor-version":[{"id":9288,"href":"https:\/\/www.ds.cz\/en\/wp-json\/wp\/v2\/pages\/1794\/revisions\/9288"}],"up":[{"embeddable":true,"href":"https:\/\/www.ds.cz\/en\/wp-json\/wp\/v2\/pages\/808"}],"wp:attachment":[{"href":"https:\/\/www.ds.cz\/en\/wp-json\/wp\/v2\/media?parent=1794"}],"curies":[{"name":"wp","href":"https:\/\/api.w.org\/{rel}","templated":true}]}}