{"id":1801,"date":"2019-05-16T10:23:15","date_gmt":"2019-05-16T08:23:15","guid":{"rendered":"https:\/\/www.ds.cz\/?page_id=1801"},"modified":"2024-06-11T15:26:28","modified_gmt":"2024-06-11T13:26:28","slug":"praha-4-branik-2","status":"publish","type":"page","link":"https:\/\/www.ds.cz\/en\/objekty-ds\/praha-4-branik-2\/","title":{"rendered":"Prague 4 &#8211; Bran\u00edk"},"content":{"rendered":"style><br \/>\n        .modra-cara {<br \/>\n            border: none; \/* Zru\u0161\u00ed v\u00fdchoz\u00ed styl hrany *\/<br \/>\n            height: 1px; \/* Nastav\u00ed tlou\u0161\u0165ku \u010d\u00e1ry *\/<br \/>\n            background-color: #00008B; \/* Nastav\u00ed tmav\u011b modrou barvu *\/<br \/>\n        }<br \/>\n.cervena-cara {<br \/>\n            border: none; \/* Zru\u0161\u00ed v\u00fdchoz\u00ed styl hrany *\/<br \/>\n            height: 1px; \/* Nastav\u00ed tlou\u0161\u0165ku \u010d\u00e1ry *\/<br \/>\n            background-color: #a10025\/* Nastav\u00ed tmav\u011b \u010dervenou barvu *\/<br \/>\n        }<br \/>\n  <\/style>\n<div style=\"padding: 10px 30px 30px 30px;\"><a href=\"https:\/\/www.ds.cz\/praha-5-smichov\/\" class=\"su-button su-button-style-ghost alignright\" style=\"color:#000000;background-color:#dddddd;border-color:#b1b1b1;border-radius:45px;-moz-border-radius:45px;-webkit-border-radius:45px\" target=\"_self\" title=\"Next\"><span style=\"color:#000000;padding:7px 22px;font-size:17px;line-height:26px;border-color:#e8e8e8;border-radius:45px;-moz-border-radius:45px;-webkit-border-radius:45px;text-shadow:none;-moz-text-shadow:none;-webkit-text-shadow:none\"><i class=\"sui sui-chevron-right\" style=\"font-size:17px;color:#868686\"><\/i> <\/span><\/a>\n<a href=\"https:\/\/www.ds.cz\/praha-3-zizkov-2\/\" class=\"su-button su-button-style-ghost alignleft\" style=\"color:#000000;background-color:#dddddd;border-color:#b1b1b1;border-radius:45px;-moz-border-radius:45px;-webkit-border-radius:45px\" target=\"_self\" title=\"Prev\"><span style=\"color:#000000;padding:7px 22px;font-size:17px;line-height:26px;border-color:#e8e8e8;border-radius:45px;-moz-border-radius:45px;-webkit-border-radius:45px;text-shadow:none;-moz-text-shadow:none;-webkit-text-shadow:none\"><i class=\"sui sui-chevron-left\" style=\"font-size:17px;color:#868686\"><\/i> <\/span><\/a><\/div>\n<p>&nbsp;<\/p>\n<hr class=\"modra-cara\">\n<div style=\"background-color: #f5f5f5; width: 100%;\">\n<div style=\"padding: 30px 30px 30px 30px;\">\n<div class=\"su-row\"><div class=\"su-column su-column-size-1-2\"><div class=\"su-column-inner su-u-clearfix su-u-trim\">\n<a href=\"https:\/\/www.ds.cz\/objekty-ds\/nad-kostelem-725-8-praha-4\/\" class=\"su-button su-button-style-glass su-button-wide\" style=\"color:#ffffff;background-color:#275589;border-color:#20446e;border-radius:9px;-moz-border-radius:9px;-webkit-border-radius:9px\" target=\"_self\"><span style=\"color:#ffffff;padding:8px 24px;font-size:18px;line-height:27px;border-color:#6888ad;border-radius:9px;-moz-border-radius:9px;-webkit-border-radius:9px;text-shadow:none;-moz-text-shadow:none;-webkit-text-shadow:none\"><img decoding=\"async\" src=\"https:\/\/www.ds.cz\/wp-content\/uploads\/2019\/05\/1location-marker-icon-16.png\" alt=\" Nad Kostelem 725\/8\" style=\"width:27px;height:27px\" \/>  Nad Kostelem 725\/8<\/span><\/a>\n<div class=\"su-image-carousel  su-image-carousel-crop su-image-carousel-crop-16-9 su-image-carousel-has-lightbox su-image-carousel-has-outline su-image-carousel-adaptive su-image-carousel-slides-style-default su-image-carousel-controls-style-dark su-image-carousel-align-none\" style=\"\" data-flickity-options='{\"groupCells\":true,\"cellSelector\":\".su-image-carousel-item\",\"adaptiveHeight\":false,\"cellAlign\":\"left\",\"prevNextButtons\":true,\"pageDots\":false,\"autoPlay\":5000,\"imagesLoaded\":true,\"contain\":true,\"selectedAttraction\":0.025000000000000001387778780781445675529539585113525390625,\"friction\":0.2800000000000000266453525910037569701671600341796875}' id=\"su_image_carousel_69f3046fef39d\"><div class=\"su-image-carousel-item\"><div class=\"su-image-carousel-item-content\"><a href=\"https:\/\/www.ds.cz\/wp-content\/uploads\/2019\/05\/Nad-Kostelem-e1559127219977.jpg\" target=\"_blank\" rel=\"noopener noreferrer\" data-caption=\"\"><img loading=\"lazy\" decoding=\"async\" width=\"893\" height=\"670\" src=\"https:\/\/www.ds.cz\/wp-content\/uploads\/2019\/05\/Nad-Kostelem-e1559127219977.jpg\" class=\"\" alt=\"Nad Kostelem\" srcset=\"https:\/\/www.ds.cz\/wp-content\/uploads\/2019\/05\/Nad-Kostelem-e1559127219977.jpg 893w, https:\/\/www.ds.cz\/wp-content\/uploads\/2019\/05\/Nad-Kostelem-e1559127219977-300x225.jpg 300w, https:\/\/www.ds.cz\/wp-content\/uploads\/2019\/05\/Nad-Kostelem-e1559127219977-768x576.jpg 768w\" sizes=\"(max-width: 893px) 100vw, 893px\" \/><\/a><\/div><\/div><\/div><script id=\"su_image_carousel_69f3046fef39d_script\">if(window.SUImageCarousel){setTimeout(function() {window.SUImageCarousel.initGallery(document.getElementById(\"su_image_carousel_69f3046fef39d\"))}, 0);}var su_image_carousel_69f3046fef39d_script=document.getElementById(\"su_image_carousel_69f3046fef39d_script\");if(su_image_carousel_69f3046fef39d_script){su_image_carousel_69f3046fef39d_script.parentNode.removeChild(su_image_carousel_69f3046fef39d_script);}<\/script>\n<\/div><\/div>\n<div class=\"su-column su-column-size-1-2\"><div class=\"su-column-inner su-u-clearfix su-u-trim\">\n<p><a href=\"https:\/\/www.ds.cz\/wp-content\/uploads\/2019\/05\/branik.png\"><img loading=\"lazy\" decoding=\"async\" class=\"aligncenter wp-image-1568 size-full\" src=\"https:\/\/www.ds.cz\/wp-content\/uploads\/2019\/05\/branik.png\" alt=\"Prague 4 \u2013 Bran\u00edk\" width=\"1611\" height=\"897\" \/><\/a><br \/>\n<\/div><\/div><\/div>\n<\/div>\n<\/div>\n<p>&nbsp;<\/p>\n<hr \/>","protected":false},"excerpt":{"rendered":"<p>style> .modra-cara { border: none; \/* Zru\u0161\u00ed v\u00fdchoz\u00ed styl hrany *\/ height: 1px; \/* Nastav\u00ed tlou\u0161\u0165ku \u010d\u00e1ry *\/ background-color: #00008B; \/* Nastav\u00ed tmav\u011b modrou<a class=\"moretag\" href=\"https:\/\/www.ds.cz\/en\/objekty-ds\/praha-4-branik-2\/\">Cel\u00fd \u010dl\u00e1nek<\/a><\/p>\n","protected":false},"author":2,"featured_media":0,"parent":808,"menu_order":0,"comment_status":"closed","ping_status":"closed","template":"","meta":{"_acf_changed":false,"footnotes":""},"acf":[],"aioseo_notices":[],"_links":{"self":[{"href":"https:\/\/www.ds.cz\/en\/wp-json\/wp\/v2\/pages\/1801"}],"collection":[{"href":"https:\/\/www.ds.cz\/en\/wp-json\/wp\/v2\/pages"}],"about":[{"href":"https:\/\/www.ds.cz\/en\/wp-json\/wp\/v2\/types\/page"}],"author":[{"embeddable":true,"href":"https:\/\/www.ds.cz\/en\/wp-json\/wp\/v2\/users\/2"}],"replies":[{"embeddable":true,"href":"https:\/\/www.ds.cz\/en\/wp-json\/wp\/v2\/comments?post=1801"}],"version-history":[{"count":5,"href":"https:\/\/www.ds.cz\/en\/wp-json\/wp\/v2\/pages\/1801\/revisions"}],"predecessor-version":[{"id":9291,"href":"https:\/\/www.ds.cz\/en\/wp-json\/wp\/v2\/pages\/1801\/revisions\/9291"}],"up":[{"embeddable":true,"href":"https:\/\/www.ds.cz\/en\/wp-json\/wp\/v2\/pages\/808"}],"wp:attachment":[{"href":"https:\/\/www.ds.cz\/en\/wp-json\/wp\/v2\/media?parent=1801"}],"curies":[{"name":"wp","href":"https:\/\/api.w.org\/{rel}","templated":true}]}}