{"id":32,"date":"2018-11-27T12:50:01","date_gmt":"2018-11-27T11:50:01","guid":{"rendered":"https:\/\/www.ds.cz\/?page_id=32"},"modified":"2023-02-16T09:14:17","modified_gmt":"2023-02-16T08:14:17","slug":"kontakty","status":"publish","type":"page","link":"https:\/\/www.ds.cz\/en\/kontakty\/","title":{"rendered":"Contact"},"content":{"rendered":"<hr>\n<div style=\"float: left; margin-right: 50px;\">\n<h2>DIPLOMATIC SERVICE<\/h2>\n<p>Wenceslas Square 816\/49<br \/>\nP.O.Box 386<br \/>\n111 21 Prague 1<\/p>\n<p>Phone: +420 224 403 111<br \/>\nFax: +420 224 403 111<br \/>\nE-mail: <a href=\"mailto:info@ds.cz\">info@ds.cz<\/a><\/p>\n<p>Company No.: 000 00 175<br \/>\nTax identification number: CZ000 00 175<br \/>\nDatabox: <strong>ahem9gp<\/strong><\/p>\n<p>Bank contact: 27030111\/0710<\/p>\n<p>Electronic filing: <a href=\"mailto:epodatelna@ds.cz\">epodatelna@ds.cz<\/a><\/p>\n<\/div>\n<div style=\"padding-top: 25px;\"><iframe loading=\"lazy\" style=\"border: 0;\" src=\"https:\/\/www.google.com\/maps\/embed?pb=!1m18!1m12!1m3!1d2560.3015786168976!2d14.42694035141148!3d50.080640279325!2m3!1f0!2f0!3f0!3m2!1i1024!2i768!4f13.1!3m3!1m2!1s0x470b949290ba001f%3A0x4b5e08d807a6f622!2sDiplomatick%C3%BD+Servis!5e0!3m2!1scs!2scz!4v1543321575890\" width=\"650\" height=\"333\" frameborder=\"0\" allowfullscreen=\"allowfullscreen\"><\/iframe><\/div>\n<p><\/p>\n<hr>","protected":false},"excerpt":{"rendered":"<p>DIPLOMATIC SERVICE Wenceslas Square 816\/49 P.O.Box 386 111 21 Prague 1 Phone: +420 224 403 111 Fax: +420 224 403 111 E-mail: info@ds.cz Company<a class=\"moretag\" href=\"https:\/\/www.ds.cz\/en\/kontakty\/\">Cel\u00fd \u010dl\u00e1nek<\/a><\/p>\n","protected":false},"author":1,"featured_media":0,"parent":0,"menu_order":32,"comment_status":"closed","ping_status":"closed","template":"","meta":{"_acf_changed":false,"footnotes":""},"acf":[],"aioseo_notices":[],"_links":{"self":[{"href":"https:\/\/www.ds.cz\/en\/wp-json\/wp\/v2\/pages\/32"}],"collection":[{"href":"https:\/\/www.ds.cz\/en\/wp-json\/wp\/v2\/pages"}],"about":[{"href":"https:\/\/www.ds.cz\/en\/wp-json\/wp\/v2\/types\/page"}],"author":[{"embeddable":true,"href":"https:\/\/www.ds.cz\/en\/wp-json\/wp\/v2\/users\/1"}],"replies":[{"embeddable":true,"href":"https:\/\/www.ds.cz\/en\/wp-json\/wp\/v2\/comments?post=32"}],"version-history":[{"count":79,"href":"https:\/\/www.ds.cz\/en\/wp-json\/wp\/v2\/pages\/32\/revisions"}],"predecessor-version":[{"id":2484,"href":"https:\/\/www.ds.cz\/en\/wp-json\/wp\/v2\/pages\/32\/revisions\/2484"}],"wp:attachment":[{"href":"https:\/\/www.ds.cz\/en\/wp-json\/wp\/v2\/media?parent=32"}],"curies":[{"name":"wp","href":"https:\/\/api.w.org\/{rel}","templated":true}]}}