{"id":3312,"date":"2019-09-04T11:18:23","date_gmt":"2019-09-04T09:18:23","guid":{"rendered":"https:\/\/www.ds.cz\/?page_id=3312"},"modified":"2019-09-06T09:40:14","modified_gmt":"2019-09-06T07:40:14","slug":"italska36","status":"publish","type":"page","link":"https:\/\/www.ds.cz\/en\/nabidka-nemovitosti\/italska36\/","title":{"rendered":"Italsk\u00e1 438\/36, Prague 3"},"content":{"rendered":"<hr>\n<p style=\"line-height: 2em; text-align: justify; width: 95%;\">Representative offices for company headquarters are located in a brick house with 1 underground floor, ground floor and first floor.<\/p>\n<p>\n<strong>The lease includes:<\/strong><\/p>\n<ul>\n<li>non-residential spaces on the ground floor of the building, consisting of six offices, conference room, reception, kitchenette, two toilets, two toilet entrances, utility room and two corridors, total area of 216,50 m<sup>2<\/sup>.<\/li>\n<\/ul>\n<ul>\n<li>non-residential spaces in a building without any house number (security building), consisting of two rooms, toilet and an entrance, total area of 43,02 m<sup>2<\/sup>, located on the land of parcel number 22 in cadastral area of \u017di\u017ekov, Prague.<\/li>\n<\/ul>\n<ul>\n<li>5 parking spaces on the land of parcel number 24 in cadastral area of \u017di\u017ekov, Prague.<\/li>\n<\/ul>\n<p>\nThe lease is possible from January 1, 2020 to December 31, 2021.<br \/>\n<\/p>\n<hr>\n<div id='gallery-2' class='gallery galleryid-3312 gallery-columns-3 gallery-size-thumbnail'><dl class='gallery-item'>\n\t\t\t<dt class='gallery-icon landscape'>\n\t\t\t\t<a href='https:\/\/www.ds.cz\/wp-content\/uploads\/2019\/09\/1-e1567597216613.jpg'><img loading=\"lazy\" decoding=\"async\" width=\"150\" height=\"150\" src=\"https:\/\/www.ds.cz\/wp-content\/uploads\/2019\/09\/1-150x150.jpg\" class=\"attachment-thumbnail size-thumbnail\" alt=\"\" srcset=\"https:\/\/www.ds.cz\/wp-content\/uploads\/2019\/09\/1-150x150.jpg 150w, https:\/\/www.ds.cz\/wp-content\/uploads\/2019\/09\/1-300x300.jpg 300w, https:\/\/www.ds.cz\/wp-content\/uploads\/2019\/09\/1-220x220.jpg 220w\" sizes=\"(max-width: 150px) 100vw, 150px\" \/><\/a>\n\t\t\t<\/dt><\/dl><dl class='gallery-item'>\n\t\t\t<dt class='gallery-icon landscape'>\n\t\t\t\t<a href='https:\/\/www.ds.cz\/wp-content\/uploads\/2019\/09\/Italsk\u00e136-str\u00e1\u017en\u00eddomek-2015.jpg'><img loading=\"lazy\" decoding=\"async\" width=\"150\" height=\"150\" src=\"https:\/\/www.ds.cz\/wp-content\/uploads\/2019\/09\/Italsk\u00e136-str\u00e1\u017en\u00eddomek-2015-150x150.jpg\" class=\"attachment-thumbnail size-thumbnail\" alt=\"\" srcset=\"https:\/\/www.ds.cz\/wp-content\/uploads\/2019\/09\/Italsk\u00e136-str\u00e1\u017en\u00eddomek-2015-150x150.jpg 150w, https:\/\/www.ds.cz\/wp-content\/uploads\/2019\/09\/Italsk\u00e136-str\u00e1\u017en\u00eddomek-2015-300x300.jpg 300w, https:\/\/www.ds.cz\/wp-content\/uploads\/2019\/09\/Italsk\u00e136-str\u00e1\u017en\u00eddomek-2015-220x220.jpg 220w\" sizes=\"(max-width: 150px) 100vw, 150px\" \/><\/a>\n\t\t\t<\/dt><\/dl><dl class='gallery-item'>\n\t\t\t<dt class='gallery-icon landscape'>\n\t\t\t\t<a href='https:\/\/www.ds.cz\/wp-content\/uploads\/2019\/09\/Bez-n\u00e1zvu.png'><img loading=\"lazy\" decoding=\"async\" width=\"150\" height=\"150\" src=\"https:\/\/www.ds.cz\/wp-content\/uploads\/2019\/09\/Bez-n\u00e1zvu-150x150.png\" class=\"attachment-thumbnail size-thumbnail\" alt=\"\" srcset=\"https:\/\/www.ds.cz\/wp-content\/uploads\/2019\/09\/Bez-n\u00e1zvu-150x150.png 150w, https:\/\/www.ds.cz\/wp-content\/uploads\/2019\/09\/Bez-n\u00e1zvu-300x300.png 300w, https:\/\/www.ds.cz\/wp-content\/uploads\/2019\/09\/Bez-n\u00e1zvu-220x220.png 220w\" sizes=\"(max-width: 150px) 100vw, 150px\" \/><\/a>\n\t\t\t<\/dt><\/dl><br style=\"clear: both\" \/>\n\t\t<\/div>\n\n<hr>\n<ul>\n<li style=\"list-style-type: none;\">\n<div style=\"background-color: #e9e9ea; width: 95%;\">\n<div style=\"padding: 30px 30px 30px 30px;\">\n<p style=\"line-height: 1.5em; text-align: justify; width: 95%;\">\nFor the non-binding visit of the property kindly contact the Lease Relations Department of the Diplomatic Service,<br \/>\nphone number: +420 224\u00a0403\u00a0227,+420 224\u00a0403\u00a0231, +420 224\u00a0403\u00a0138,<br \/>\ne-mail: <a href=\"mailto:info@ds.cz\">info@ds.cz<\/a><\/p>\n<\/div>\n<\/div>\n<\/li>\n<\/ul>","protected":false},"excerpt":{"rendered":"<p>Representative offices for company headquarters are located in a brick house with 1 underground floor, ground floor and first floor. The lease includes: non-residential<a class=\"moretag\" href=\"https:\/\/www.ds.cz\/en\/nabidka-nemovitosti\/italska36\/\">Cel\u00fd \u010dl\u00e1nek<\/a><\/p>\n","protected":false},"author":2,"featured_media":0,"parent":78,"menu_order":0,"comment_status":"closed","ping_status":"closed","template":"","meta":{"_acf_changed":false,"footnotes":""},"acf":[],"aioseo_notices":[],"_links":{"self":[{"href":"https:\/\/www.ds.cz\/en\/wp-json\/wp\/v2\/pages\/3312"}],"collection":[{"href":"https:\/\/www.ds.cz\/en\/wp-json\/wp\/v2\/pages"}],"about":[{"href":"https:\/\/www.ds.cz\/en\/wp-json\/wp\/v2\/types\/page"}],"author":[{"embeddable":true,"href":"https:\/\/www.ds.cz\/en\/wp-json\/wp\/v2\/users\/2"}],"replies":[{"embeddable":true,"href":"https:\/\/www.ds.cz\/en\/wp-json\/wp\/v2\/comments?post=3312"}],"version-history":[{"count":9,"href":"https:\/\/www.ds.cz\/en\/wp-json\/wp\/v2\/pages\/3312\/revisions"}],"predecessor-version":[{"id":3357,"href":"https:\/\/www.ds.cz\/en\/wp-json\/wp\/v2\/pages\/3312\/revisions\/3357"}],"up":[{"embeddable":true,"href":"https:\/\/www.ds.cz\/en\/wp-json\/wp\/v2\/pages\/78"}],"wp:attachment":[{"href":"https:\/\/www.ds.cz\/en\/wp-json\/wp\/v2\/media?parent=3312"}],"curies":[{"name":"wp","href":"https:\/\/api.w.org\/{rel}","templated":true}]}}