{"id":3686,"date":"2019-11-01T08:37:14","date_gmt":"2019-11-01T07:37:14","guid":{"rendered":"https:\/\/www.ds.cz\/?page_id=3686"},"modified":"2019-11-01T10:11:10","modified_gmt":"2019-11-01T09:11:10","slug":"sibirske-namesti-5-praha-6","status":"publish","type":"page","link":"https:\/\/www.ds.cz\/en\/nabidka-nemovitosti\/sibirske-namesti-5-praha-6\/","title":{"rendered":"Sibi\u0159sk\u00e9 n\u00e1m\u011bst\u00ed 5, Prague 6"},"content":{"rendered":"<hr \/>\n<h4><\/h4>\n<div style=\"padding: 0px 30px 30px 0px;\">\n<div style=\"text-align: justify;\">\n<div class=\"su-row\"><div class=\"su-column su-column-size-1-2\"><div class=\"su-column-inner su-u-clearfix su-u-trim\">\n<p style=\"line-height: 1.7em; text-align: justify; width: 95%;\">The separate residential villa is situated in Bubene\u010d, was built in the 1920s. The&nbsp;house is four-storey, with one underground floor and three floors, with&nbsp;a&nbsp;total area of 876 m<sup>2<\/sup>. The building has a main entrance and a side entrance. Parking is provided in the garage area of 44 m<sup>2<\/sup>. <\/p>\n<\/div><\/div>\n<div class=\"su-column su-column-size-1-2\"><div class=\"su-column-inner su-u-clearfix su-u-trim\">\n<p style=\"line-height: 1.7em; text-align: justify; width: 95%;\">The garden adjacent to the building takes up an area of 1.843 m<sup>2<\/sup>.<br \/>\nThe villa is located in a quiet location near the Royal Game Reserve Stromovka. The metro, tram and bus stations Hrad\u010dansk\u00e1 are within walking distance.\n<\/p>\n<\/div><\/div><\/div>\n<hr \/>\n<div id=\"su_carousel_69f5528d9e400\" class=\"su-carousel su-carousel-centered su-carousel-pages-no su-carousel-responsive-no su-lightbox-gallery\" style=\"width:1000px;height:170px\" data-autoplay=\"2400\" data-speed=\"2000\" data-mousewheel=\"true\" data-items=\"6\" data-scroll=\"4\"><div class=\"su-carousel-slides\"><div class=\"su-carousel-slide\"><a href=\"https:\/\/www.ds.cz\/wp-content\/uploads\/2019\/11\/Sibi\u0159sk\u00e9-n\u00e1m\u011bst\u00ed-280.5-foto5-e1572598739287.jpg\" title=\"\"><img decoding=\"async\" src=\"https:\/\/www.ds.cz\/wp-content\/uploads\/2019\/11\/Sibi\u0159sk\u00e9-n\u00e1m\u011bst\u00ed-280.5-foto5-e1572598739287.jpg\" alt=\"\" \/><\/a><\/div><div class=\"su-carousel-slide\"><a href=\"https:\/\/www.ds.cz\/wp-content\/uploads\/2019\/11\/Sibi\u0159sk\u00e9-n\u00e1m\u011bst\u00ed-280.5-foto4.jpg\" title=\"\"><img decoding=\"async\" src=\"https:\/\/www.ds.cz\/wp-content\/uploads\/2019\/11\/Sibi\u0159sk\u00e9-n\u00e1m\u011bst\u00ed-280.5-foto4-149x170.jpg\" alt=\"\" \/><\/a><\/div><div class=\"su-carousel-slide\"><a href=\"https:\/\/www.ds.cz\/wp-content\/uploads\/2019\/11\/Sibi\u0159sk\u00e9-n\u00e1m\u011bst\u00ed-280.5-foto3.jpg\" title=\"\"><img decoding=\"async\" src=\"https:\/\/www.ds.cz\/wp-content\/uploads\/2019\/11\/Sibi\u0159sk\u00e9-n\u00e1m\u011bst\u00ed-280.5-foto3-149x170.jpg\" alt=\"\" \/><\/a><\/div><div class=\"su-carousel-slide\"><a href=\"https:\/\/www.ds.cz\/wp-content\/uploads\/2019\/11\/Sibi\u0159sk\u00e9-n\u00e1m\u011bst\u00ed-280.5-foto2.jpg\" title=\"\"><img decoding=\"async\" src=\"https:\/\/www.ds.cz\/wp-content\/uploads\/2019\/11\/Sibi\u0159sk\u00e9-n\u00e1m\u011bst\u00ed-280.5-foto2-149x170.jpg\" alt=\"\" \/><\/a><\/div><div class=\"su-carousel-slide\"><a href=\"https:\/\/www.ds.cz\/wp-content\/uploads\/2019\/11\/Sibi\u0159sk\u00e9-n\u00e1m\u011bst\u00ed-280.5-foto1.jpg\" title=\"\"><img decoding=\"async\" src=\"https:\/\/www.ds.cz\/wp-content\/uploads\/2019\/11\/Sibi\u0159sk\u00e9-n\u00e1m\u011bst\u00ed-280.5-foto1-149x170.jpg\" alt=\"\" \/><\/a><\/div><div class=\"su-carousel-slide\"><a href=\"https:\/\/www.ds.cz\/wp-content\/uploads\/2019\/11\/Sibi\u0159sk\u00e9-n\u00e1m\u011bst\u00ed-280.5-situa\u010dn\u00ed-pl\u00e1nek-podkrov\u00ed-AJ.jpg\" title=\"\"><img decoding=\"async\" src=\"https:\/\/www.ds.cz\/wp-content\/uploads\/2019\/11\/Sibi\u0159sk\u00e9-n\u00e1m\u011bst\u00ed-280.5-situa\u010dn\u00ed-pl\u00e1nek-podkrov\u00ed-AJ-149x170.jpg\" alt=\"\" \/><\/a><\/div><div class=\"su-carousel-slide\"><a href=\"https:\/\/www.ds.cz\/wp-content\/uploads\/2019\/11\/Sibi\u0159sk\u00e9-n\u00e1m\u011bst\u00ed-280.5-situa\u010dn\u00ed-pl\u00e1nek-p\u0159\u00edzem\u00ed-AJ.jpg\" title=\"\"><img decoding=\"async\" src=\"https:\/\/www.ds.cz\/wp-content\/uploads\/2019\/11\/Sibi\u0159sk\u00e9-n\u00e1m\u011bst\u00ed-280.5-situa\u010dn\u00ed-pl\u00e1nek-p\u0159\u00edzem\u00ed-AJ-149x170.jpg\" alt=\"\" \/><\/a><\/div><div class=\"su-carousel-slide\"><a href=\"https:\/\/www.ds.cz\/wp-content\/uploads\/2019\/11\/Sibi\u0159sk\u00e9-n\u00e1m\u011bst\u00ed-280.5-situa\u010dn\u00ed-pl\u00e1nek-suter\u00e9n-AJ.jpg\" title=\"\"><img decoding=\"async\" src=\"https:\/\/www.ds.cz\/wp-content\/uploads\/2019\/11\/Sibi\u0159sk\u00e9-n\u00e1m\u011bst\u00ed-280.5-situa\u010dn\u00ed-pl\u00e1nek-suter\u00e9n-AJ-149x170.jpg\" alt=\"\" \/><\/a><\/div><div class=\"su-carousel-slide\"><a href=\"https:\/\/www.ds.cz\/wp-content\/uploads\/2019\/11\/Sibi\u0159sk\u00e9-n\u00e1m\u011bst\u00ed-280.5-situa\u010dn\u00ed-pl\u00e1nek-1.-patra-AJ.jpg\" title=\"\"><img decoding=\"async\" src=\"https:\/\/www.ds.cz\/wp-content\/uploads\/2019\/11\/Sibi\u0159sk\u00e9-n\u00e1m\u011bst\u00ed-280.5-situa\u010dn\u00ed-pl\u00e1nek-1.-patra-AJ-149x170.jpg\" alt=\"\" \/><\/a><\/div><\/div><div class=\"su-carousel-nav\"><div class=\"su-carousel-direction\"><span class=\"su-carousel-prev\"><\/span><span class=\"su-carousel-next\"><\/span><\/div><div class=\"su-carousel-pagination\"><\/div><\/div><\/div>\n<hr \/>\n<ul>\n<li>There is a separate flat 2+1, technical and operational facilities of the building and storage spaces on the underground floor; the total area of this floor is 242 m<sup>2<\/sup>.<\/li>\n<\/ul>\n<ul>\n<li>There are three representative rooms of an area of 99 m2, entrance hall, kitchen, social facilities and two terraces on the ground floor; the total area of this floor is 327 m<sup>2<\/sup>.\n<\/li>\n<\/ul>\n<ul>\n<li>There are two rooms with a separate bathrooms, kitchen and two terraces on the first floor; the total area of this floor is 188 m<sup>2<\/sup>.<\/li>\n<\/ul>\n<ul>\n<li>There are three rooms, three bathrooms and storage spaces on the second floor; the total area of this floor is 119 m<sup>2<\/sup>.<\/li>\n<\/ul>\n<ul>\n<li>The villa is heated by a central gas boiler room with water heating, operated by the Diplomatic Service.<\/li>\n<\/ul>\n<p style=\"line-height: 1.7em; text-align: justify; width: 95%;\">The villa is currently rented until February 20, 2020.<\/p>\n<\/div>\n<\/div>\n<p>&nbsp;<\/p>\n<hr \/>\n<ul>\n<li style=\"list-style-type: none;\">\n<div style=\"background-color: #e9e9ea; width: 95%;\">\n<div style=\"padding: 30px 30px 30px 30px;\">\n<p style=\"line-height: 1.5em; text-align: justify; width: 95%;\">For the non-binding visit of the property kindly contact the Lease Relations Department of the Diplomatic Service, phone number: +420 224\u00a0403\u00a0227, +420  224\u00a0403\u00a0231, +420 224\u00a0403\u00a0138,<br \/>\ne-mail: <a href=\"mailto:info@ds.cz\">info@ds.cz<\/a><\/p>\n<\/div>\n<\/div>\n<\/li>\n<\/ul>","protected":false},"excerpt":{"rendered":"<p>There is a separate flat 2+1, technical and operational facilities of the building and storage spaces on the underground floor; the total area of<a class=\"moretag\" href=\"https:\/\/www.ds.cz\/en\/nabidka-nemovitosti\/sibirske-namesti-5-praha-6\/\">Cel\u00fd \u010dl\u00e1nek<\/a><\/p>\n","protected":false},"author":2,"featured_media":0,"parent":78,"menu_order":0,"comment_status":"closed","ping_status":"closed","template":"","meta":{"_acf_changed":false,"footnotes":""},"acf":[],"aioseo_notices":[],"_links":{"self":[{"href":"https:\/\/www.ds.cz\/en\/wp-json\/wp\/v2\/pages\/3686"}],"collection":[{"href":"https:\/\/www.ds.cz\/en\/wp-json\/wp\/v2\/pages"}],"about":[{"href":"https:\/\/www.ds.cz\/en\/wp-json\/wp\/v2\/types\/page"}],"author":[{"embeddable":true,"href":"https:\/\/www.ds.cz\/en\/wp-json\/wp\/v2\/users\/2"}],"replies":[{"embeddable":true,"href":"https:\/\/www.ds.cz\/en\/wp-json\/wp\/v2\/comments?post=3686"}],"version-history":[{"count":2,"href":"https:\/\/www.ds.cz\/en\/wp-json\/wp\/v2\/pages\/3686\/revisions"}],"predecessor-version":[{"id":3777,"href":"https:\/\/www.ds.cz\/en\/wp-json\/wp\/v2\/pages\/3686\/revisions\/3777"}],"up":[{"embeddable":true,"href":"https:\/\/www.ds.cz\/en\/wp-json\/wp\/v2\/pages\/78"}],"wp:attachment":[{"href":"https:\/\/www.ds.cz\/en\/wp-json\/wp\/v2\/media?parent=3686"}],"curies":[{"name":"wp","href":"https:\/\/api.w.org\/{rel}","templated":true}]}}