{"id":8866,"date":"2024-04-09T15:35:32","date_gmt":"2024-04-09T13:35:32","guid":{"rendered":"https:\/\/www.ds.cz\/?page_id=8866"},"modified":"2024-10-01T14:28:38","modified_gmt":"2024-10-01T12:28:38","slug":"nad-vysinkou-1325-7-praha-5-smichov","status":"publish","type":"page","link":"https:\/\/www.ds.cz\/en\/nabidka-nemovitosti\/nad-vysinkou-1325-7-praha-5-smichov\/","title":{"rendered":"Nad V\u00fd\u0161inkou 1325\/7, Prague 5 &#8211; Sm\u00edchov"},"content":{"rendered":"<style>\n        .modra-cara {\n            border: none; \/* Zru\u0161\u00ed v\u00fdchoz\u00ed styl hrany *\/\n            height: 1px; \/* Nastav\u00ed tlou\u0161\u0165ku \u010d\u00e1ry *\/\n            background-color: #00008B; \/* Nastav\u00ed tmav\u011b modrou barvu *\/\n        }\n.cervena-cara {\n            border: none; \/* Zru\u0161\u00ed v\u00fdchoz\u00ed styl hrany *\/\n            height: 1px; \/* Nastav\u00ed tlou\u0161\u0165ku \u010d\u00e1ry *\/\n            background-color: #a10025\/* Nastav\u00ed tmav\u011b \u010dervenou barvu *\/\n        }\n        .container {\n            \/*max-width: 1200px;*\/\n            margin: 0 auto;\n            padding: 0px;\n        }\n        .content {\n            display: flex;\n            flex-wrap: wrap;\n            gap: 20px;\n        }\n        .main {\n            flex: 2;\n            background: #fff;\n            padding: 50px;\n            border-radius: 10px;\n            box-shadow: 0 0 30px rgba(0,0,0,0.1);\n  }\n        .greybox{\n            flex: 2;\n            background: #e9e9ea;\n            padding: 20px;\n            border-radius: 10px;\n            box-shadow: 0 0 30px rgba(0,0,0,0.1);\n  }\n    <\/style>\n<div class=\"container\">\n<div class=\"content\">\n<div class=\"main\">\n<hr class=\"modra-cara\">\n<p style=\"line-height: 1.5em; text-align: justify; width: 95%;\">\n<strong>Space of size 2 + 1 with a total area of 62.67 m<sup>2<\/sup><\/strong><\/p>\n<p style=\"line-height: 1.5em; text-align: justify; width: 95%;\">The space is situated on the 1<sup>st<\/sup> underground floor of the property at the address Nad V\u00fd\u0161inkou 1325\/7, Praha 5, consisting of two rooms, a kitchen, a bathroom with a toilet, a foyer and a hallway.<br \/>\nThe kitchen is equipped with a kitchen unit, a cooking plate, a built-in electric oven, a dishwasher, a combined refrigerator with a freezer and a hood. The space has structured wiring, TV and home videophone wiring. The floor is covered with tiles. The space is not furnished.<br \/>\nParking can be made available on the reinforced areas in the garden by the property or in a separate garage.<br \/>\nThe Na H\u0159ebenk\u00e1ch villa district sits on the southern slope of Strahov hill and is a part of Sm\u00edchov. It is one of the most sought-after and exclusive areas, offering a high standard with a unique atmosphere. Despite its proximity to the city centre, it is a quiet residential area with a significant share of greenery. Kinsk\u00fd Garden, Pet\u0159\u00edn as well as Klamovka and Ladronka parks, among others, can be used for relaxation and rest.<br \/>\nThe location is ideal from the point of view of transport accessibility and civic amenities. The city centre itself is only a few minutes away.\n<\/p>\n<div style=\"padding: 10px 20px 20px 20px;\">\n<div style=\"margin-center: 0px;\">\n<div class=\"su-image-carousel  su-image-carousel-columns-4 su-image-carousel-crop su-image-carousel-crop-16-9 su-image-carousel-has-lightbox su-image-carousel-has-outline su-image-carousel-adaptive su-image-carousel-slides-style-default su-image-carousel-controls-style-dark su-image-carousel-align-\" style=\"\" data-flickity-options='{\"groupCells\":true,\"cellSelector\":\".su-image-carousel-item\",\"adaptiveHeight\":false,\"cellAlign\":\"left\",\"prevNextButtons\":true,\"pageDots\":false,\"autoPlay\":6000,\"imagesLoaded\":true,\"contain\":true,\"selectedAttraction\":0.025000000000000001387778780781445675529539585113525390625,\"friction\":0.2800000000000000266453525910037569701671600341796875}' id=\"su_image_carousel_69f3ee1aa949d\"><div class=\"su-image-carousel-item\"><div class=\"su-image-carousel-item-content\"><a href=\"https:\/\/www.ds.cz\/wp-content\/uploads\/2024\/05\/budova.jpg\" data-caption=\"\"><img loading=\"lazy\" decoding=\"async\" width=\"300\" height=\"200\" src=\"https:\/\/www.ds.cz\/wp-content\/uploads\/2024\/05\/budova-300x200.jpg\" class=\"\" alt=\"\" srcset=\"https:\/\/www.ds.cz\/wp-content\/uploads\/2024\/05\/budova-300x200.jpg 300w, https:\/\/www.ds.cz\/wp-content\/uploads\/2024\/05\/budova-1024x683.jpg 1024w, https:\/\/www.ds.cz\/wp-content\/uploads\/2024\/05\/budova-768x512.jpg 768w, https:\/\/www.ds.cz\/wp-content\/uploads\/2024\/05\/budova-1536x1024.jpg 1536w, https:\/\/www.ds.cz\/wp-content\/uploads\/2024\/05\/budova.jpg 1800w\" sizes=\"(max-width: 300px) 100vw, 300px\" \/><\/a><\/div><\/div><div class=\"su-image-carousel-item\"><div class=\"su-image-carousel-item-content\"><a href=\"https:\/\/www.ds.cz\/wp-content\/uploads\/2024\/10\/IMG_6022-scaled.jpeg\" data-caption=\"\"><img loading=\"lazy\" decoding=\"async\" width=\"300\" height=\"169\" src=\"https:\/\/www.ds.cz\/wp-content\/uploads\/2024\/10\/IMG_6022-300x169.jpeg\" class=\"\" alt=\"\" srcset=\"https:\/\/www.ds.cz\/wp-content\/uploads\/2024\/10\/IMG_6022-300x169.jpeg 300w, https:\/\/www.ds.cz\/wp-content\/uploads\/2024\/10\/IMG_6022-1024x576.jpeg 1024w, https:\/\/www.ds.cz\/wp-content\/uploads\/2024\/10\/IMG_6022-768x432.jpeg 768w, https:\/\/www.ds.cz\/wp-content\/uploads\/2024\/10\/IMG_6022-1536x864.jpeg 1536w, https:\/\/www.ds.cz\/wp-content\/uploads\/2024\/10\/IMG_6022-2048x1152.jpeg 2048w\" sizes=\"(max-width: 300px) 100vw, 300px\" \/><\/a><\/div><\/div><div class=\"su-image-carousel-item\"><div class=\"su-image-carousel-item-content\"><a href=\"https:\/\/www.ds.cz\/wp-content\/uploads\/2024\/10\/IMG_6018-scaled.jpeg\" data-caption=\"\"><img loading=\"lazy\" decoding=\"async\" width=\"225\" height=\"300\" src=\"https:\/\/www.ds.cz\/wp-content\/uploads\/2024\/10\/IMG_6018-225x300.jpeg\" class=\"\" alt=\"\" srcset=\"https:\/\/www.ds.cz\/wp-content\/uploads\/2024\/10\/IMG_6018-225x300.jpeg 225w, https:\/\/www.ds.cz\/wp-content\/uploads\/2024\/10\/IMG_6018-768x1024.jpeg 768w, https:\/\/www.ds.cz\/wp-content\/uploads\/2024\/10\/IMG_6018-1152x1536.jpeg 1152w, https:\/\/www.ds.cz\/wp-content\/uploads\/2024\/10\/IMG_6018-1536x2048.jpeg 1536w, https:\/\/www.ds.cz\/wp-content\/uploads\/2024\/10\/IMG_6018-scaled.jpeg 1920w\" sizes=\"(max-width: 225px) 100vw, 225px\" \/><\/a><\/div><\/div><div class=\"su-image-carousel-item\"><div class=\"su-image-carousel-item-content\"><a href=\"https:\/\/www.ds.cz\/wp-content\/uploads\/2024\/10\/IMG_6014-scaled.jpeg\" data-caption=\"\"><img loading=\"lazy\" decoding=\"async\" width=\"225\" height=\"300\" src=\"https:\/\/www.ds.cz\/wp-content\/uploads\/2024\/10\/IMG_6014-225x300.jpeg\" class=\"\" alt=\"\" srcset=\"https:\/\/www.ds.cz\/wp-content\/uploads\/2024\/10\/IMG_6014-225x300.jpeg 225w, https:\/\/www.ds.cz\/wp-content\/uploads\/2024\/10\/IMG_6014-768x1024.jpeg 768w, https:\/\/www.ds.cz\/wp-content\/uploads\/2024\/10\/IMG_6014-1152x1536.jpeg 1152w, https:\/\/www.ds.cz\/wp-content\/uploads\/2024\/10\/IMG_6014-1536x2048.jpeg 1536w, https:\/\/www.ds.cz\/wp-content\/uploads\/2024\/10\/IMG_6014-scaled.jpeg 1920w\" sizes=\"(max-width: 225px) 100vw, 225px\" \/><\/a><\/div><\/div><div class=\"su-image-carousel-item\"><div class=\"su-image-carousel-item-content\"><a href=\"https:\/\/www.ds.cz\/wp-content\/uploads\/2024\/10\/IMG_6023-scaled.jpeg\" data-caption=\"\"><img loading=\"lazy\" decoding=\"async\" width=\"169\" height=\"300\" src=\"https:\/\/www.ds.cz\/wp-content\/uploads\/2024\/10\/IMG_6023-169x300.jpeg\" class=\"\" alt=\"\" srcset=\"https:\/\/www.ds.cz\/wp-content\/uploads\/2024\/10\/IMG_6023-169x300.jpeg 169w, https:\/\/www.ds.cz\/wp-content\/uploads\/2024\/10\/IMG_6023-576x1024.jpeg 576w, https:\/\/www.ds.cz\/wp-content\/uploads\/2024\/10\/IMG_6023-768x1365.jpeg 768w, https:\/\/www.ds.cz\/wp-content\/uploads\/2024\/10\/IMG_6023-864x1536.jpeg 864w, https:\/\/www.ds.cz\/wp-content\/uploads\/2024\/10\/IMG_6023-1152x2048.jpeg 1152w, https:\/\/www.ds.cz\/wp-content\/uploads\/2024\/10\/IMG_6023-scaled.jpeg 1440w\" sizes=\"(max-width: 169px) 100vw, 169px\" \/><\/a><\/div><\/div><div class=\"su-image-carousel-item\"><div class=\"su-image-carousel-item-content\"><a href=\"https:\/\/www.ds.cz\/wp-content\/uploads\/2024\/05\/1-1.jpg\" data-caption=\"\"><img loading=\"lazy\" decoding=\"async\" width=\"300\" height=\"213\" src=\"https:\/\/www.ds.cz\/wp-content\/uploads\/2024\/05\/1-1-300x213.jpg\" class=\"\" alt=\"\" srcset=\"https:\/\/www.ds.cz\/wp-content\/uploads\/2024\/05\/1-1-300x213.jpg 300w, https:\/\/www.ds.cz\/wp-content\/uploads\/2024\/05\/1-1-768x545.jpg 768w, https:\/\/www.ds.cz\/wp-content\/uploads\/2024\/05\/1-1.jpg 1024w\" sizes=\"(max-width: 300px) 100vw, 300px\" \/><\/a><\/div><\/div><\/div><script id=\"su_image_carousel_69f3ee1aa949d_script\">if(window.SUImageCarousel){setTimeout(function() {window.SUImageCarousel.initGallery(document.getElementById(\"su_image_carousel_69f3ee1aa949d\"))}, 0);}var su_image_carousel_69f3ee1aa949d_script=document.getElementById(\"su_image_carousel_69f3ee1aa949d_script\");if(su_image_carousel_69f3ee1aa949d_script){su_image_carousel_69f3ee1aa949d_script.parentNode.removeChild(su_image_carousel_69f3ee1aa949d_script);}<\/script>\n<div style=\"margin-center: 0px;\">\n<\/div>\n<\/div>\n<hr class=\"modra-cara\">\n<div class=\"greybox\">\n<p style=\"line-height: 1.5em; text-align: center; width: 100%;\">If you are interested in a viewing, please contact the Rental Relations and Client Center Department of the Diplomatic Service,<br \/>\nTelephone numbers: +420 224\u00a0403\u00a0227, +420 224\u00a0403\u00a0231, +420 224\u00a0403\u00a0138,<br \/>\ne-mail: <a href=\"mailto:ClientCenter@ds.cz\">ClientCenter@ds.cz<\/a><\/p>\n<\/div>\n<\/div>\n<\/div>\n<\/div>\n<\/div>","protected":false},"excerpt":{"rendered":"<p>Space of size 2 + 1 with a total area of 62.67 m2 The space is situated on the 1st underground floor of the<a class=\"moretag\" href=\"https:\/\/www.ds.cz\/en\/nabidka-nemovitosti\/nad-vysinkou-1325-7-praha-5-smichov\/\">Cel\u00fd \u010dl\u00e1nek<\/a><\/p>\n","protected":false},"author":5,"featured_media":0,"parent":78,"menu_order":0,"comment_status":"closed","ping_status":"closed","template":"","meta":{"_acf_changed":false,"footnotes":""},"acf":[],"aioseo_notices":[],"_links":{"self":[{"href":"https:\/\/www.ds.cz\/en\/wp-json\/wp\/v2\/pages\/8866"}],"collection":[{"href":"https:\/\/www.ds.cz\/en\/wp-json\/wp\/v2\/pages"}],"about":[{"href":"https:\/\/www.ds.cz\/en\/wp-json\/wp\/v2\/types\/page"}],"author":[{"embeddable":true,"href":"https:\/\/www.ds.cz\/en\/wp-json\/wp\/v2\/users\/5"}],"replies":[{"embeddable":true,"href":"https:\/\/www.ds.cz\/en\/wp-json\/wp\/v2\/comments?post=8866"}],"version-history":[{"count":9,"href":"https:\/\/www.ds.cz\/en\/wp-json\/wp\/v2\/pages\/8866\/revisions"}],"predecessor-version":[{"id":9480,"href":"https:\/\/www.ds.cz\/en\/wp-json\/wp\/v2\/pages\/8866\/revisions\/9480"}],"up":[{"embeddable":true,"href":"https:\/\/www.ds.cz\/en\/wp-json\/wp\/v2\/pages\/78"}],"wp:attachment":[{"href":"https:\/\/www.ds.cz\/en\/wp-json\/wp\/v2\/media?parent=8866"}],"curies":[{"name":"wp","href":"https:\/\/api.w.org\/{rel}","templated":true}]}}