{"id":9132,"date":"2024-05-28T15:28:32","date_gmt":"2024-05-28T13:28:32","guid":{"rendered":"https:\/\/www.ds.cz\/?page_id=9132"},"modified":"2024-05-28T15:41:48","modified_gmt":"2024-05-28T13:41:48","slug":"prohlaseni-o-pristupnosti","status":"publish","type":"page","link":"https:\/\/www.ds.cz\/en\/prohlaseni-o-pristupnosti\/","title":{"rendered":"(\u010cesky) Prohl\u00e1\u0161en\u00ed o p\u0159\u00edstupnosti"},"content":{"rendered":"<p class=\"qtranxs-available-languages-message qtranxs-available-languages-message-en\">Sorry, this entry is only available in <a href=\"https:\/\/www.ds.cz\/cs\/wp-json\/wp\/v2\/pages\/9132\" class=\"qtranxs-available-language-link qtranxs-available-language-link-cs\" title=\"\u010cesky\">Czech<\/a>.<\/p>","protected":false},"excerpt":{"rendered":"<p>Sorry, this entry is only available in Czech.<\/p>\n","protected":false},"author":5,"featured_media":0,"parent":0,"menu_order":0,"comment_status":"closed","ping_status":"closed","template":"","meta":{"_acf_changed":false,"footnotes":""},"acf":[],"aioseo_notices":[],"_links":{"self":[{"href":"https:\/\/www.ds.cz\/en\/wp-json\/wp\/v2\/pages\/9132"}],"collection":[{"href":"https:\/\/www.ds.cz\/en\/wp-json\/wp\/v2\/pages"}],"about":[{"href":"https:\/\/www.ds.cz\/en\/wp-json\/wp\/v2\/types\/page"}],"author":[{"embeddable":true,"href":"https:\/\/www.ds.cz\/en\/wp-json\/wp\/v2\/users\/5"}],"replies":[{"embeddable":true,"href":"https:\/\/www.ds.cz\/en\/wp-json\/wp\/v2\/comments?post=9132"}],"version-history":[{"count":0,"href":"https:\/\/www.ds.cz\/en\/wp-json\/wp\/v2\/pages\/9132\/revisions"}],"wp:attachment":[{"href":"https:\/\/www.ds.cz\/en\/wp-json\/wp\/v2\/media?parent=9132"}],"curies":[{"name":"wp","href":"https:\/\/api.w.org\/{rel}","templated":true}]}}