{"id":986,"date":"2019-05-02T16:53:09","date_gmt":"2019-05-02T14:53:09","guid":{"rendered":"https:\/\/www.ds.cz\/?page_id=986"},"modified":"2023-05-17T13:30:07","modified_gmt":"2023-05-17T11:30:07","slug":"masarykovo-nabr-224-32-praha-1","status":"publish","type":"page","link":"https:\/\/www.ds.cz\/en\/objekty-ds\/praha-1-nove-mesto\/masarykovo-nabr-224-32-praha-1\/","title":{"rendered":"Masarykovo n\u00e1b\u0159. 224\/32"},"content":{"rendered":"<hr \/>\n<div style=\"padding: 0px 30px 30px 0px;\">\n<div style=\"text-align: justify;\">\n<div style=\"padding: 30px 30px 30px 30px;\">\n<div class=\"su-row\"><div class=\"su-column su-column-size-1-2\"><div class=\"su-column-inner su-u-clearfix su-u-trim\">\n<p style=\"line-height: 1.5em; text-align: justify; width: 93%;\">There was a three-story house built on the foundation of a fifteenth century building on the place where there is a house n. 224 today. (Fig. no. 1A,B). Behind the National Theatre, on the area where street Na Struze meets Masarykovo n\u00e1b\u0159e\u017e\u00ed (Masaryk\u2019s embankment) used to be a spa and&nbsp;a&nbsp;laundry with an access to the river on a wide staircase (Fig.&nbsp;no.&nbsp;2&nbsp;and&nbsp;3). Together with other buildings, the spa was demolished during the sanitation of St. Adalbert\u2019s (Vojt\u011b\u0161sk\u00e1) quarter. (Fig.no.4)<\/p>\n<p style=\"line-height: 1.5em; text-align: justify; width: 93%;\">On the bank of the Vltava river grew new luxury residential buildings. The&nbsp;best architects and artists of the time took part in their creation. Thanks to that, Masarykovo n\u00e1b\u0159e\u017e\u00ed (Masaryk\u2019s embankment) is today the&nbsp;nicest embankment in Prague. Street Na Struze begins precisely with&nbsp;our corner house built according to the plans of architect Ji\u0159\u00ed Stibral by builder Franti\u0161ek Schaffler and there was the headquarters of The First Czech General Insurance Bank. (Fig. no. 5).<\/p>\n<p style=\"line-height: 1.5em; text-align: justify; width: 93%;\">\nThe house is a wonderful example of art nouveau architecture. It&nbsp;is&nbsp;a&nbsp;four\u2013story,&nbsp;axisymmetrical structure, decorated with many details. Sculptural decoration is the design of Ladislav \u0160aloun  (the sculptor of Jan Hus statue in Old Town Square).<\/p>\n<\/div><\/div>\n<div class=\"su-column su-column-size-1-2\"><div class=\"su-column-inner su-u-clearfix su-u-trim\">\n<p style=\"line-height: 1.5em; text-align: justify; width: 93%;\"> On the top of the gable is a gilded globe made of steel and on it copper continents can be seen. The globe is decorated with sun rays and situated between man and woman copper figures. Above the gable between so&nbsp;called \u201eGaudi\u201c chimneys there is an iron eagle with spread wings. Stylized gargoyls with draperis and flowers are in the corners of the house (fig.no. 6A,B). Under the windows on the front facade and also on the top of the side facades are stucco sculptures of girls\u2019 faces. The entrance to&nbsp;the&nbsp;building is equipped with an amazing beautifully decorated all-metal door. (Fig.no.7). Only few original details have been preserved inside \u2013 for example art nouveau staircase railing connecting the first and second floor.<\/p>\n<p style=\"line-height: 1.5em; text-align: justify; width: 93%;\">After World War II the bank was nationalized and later closed. The house became a seat of the Bulgarian embassy and then later became the embassy of GDR (German democratic republic) until year 1990.<\/p>\n<p style=\"line-height: 1.5em; text-align: justify; width: 93%;\">In the year 1987 the building was declared a National Cultural Monument. Since 1991 the Goethe Institute has been located here. It is a cultural centre of the Federal Republic of Germany and its role is to support international cultural cooperation and education. There are classrooms, lecture halls, a&nbsp;library and a&nbsp;caf\u00e9.<br \/>\n<\/div><\/div><\/div>\n<\/div>\n<hr>\n<div style=\"margin-left: 0px;\">\n<div id=\"su_carousel_69f31d899a183\" class=\"su-carousel su-carousel-centered su-carousel-pages-no su-carousel-responsive-no su-lightbox-gallery\" style=\"width:1080px;height:170px\" data-autoplay=\"5000\" data-speed=\"500\" data-mousewheel=\"true\" data-items=\"6\" data-scroll=\"2\"><div class=\"su-carousel-slides\"><div class=\"su-carousel-slide\"><a href=\"https:\/\/www.ds.cz\/wp-content\/uploads\/2022\/08\/obr-1a.png\" title=\"Fig. no. 1A\"><img decoding=\"async\" src=\"https:\/\/www.ds.cz\/wp-content\/uploads\/2022\/08\/obr-1a-162x170.png\" alt=\"Fig. no. 1A\" \/><\/a><\/div><div class=\"su-carousel-slide\"><a href=\"https:\/\/www.ds.cz\/wp-content\/uploads\/2022\/08\/obr-1b.png\" title=\"Fig. no. 1B\"><img decoding=\"async\" src=\"https:\/\/www.ds.cz\/wp-content\/uploads\/2022\/08\/obr-1b-162x170.png\" alt=\"Fig. no. 1B\" \/><\/a><\/div><div class=\"su-carousel-slide\"><a href=\"https:\/\/www.ds.cz\/wp-content\/uploads\/2022\/08\/obr-2.png\" title=\"Fig. no. 2\"><img decoding=\"async\" src=\"https:\/\/www.ds.cz\/wp-content\/uploads\/2022\/08\/obr-2-162x170.png\" alt=\"Fig. no. 2\" \/><\/a><\/div><div class=\"su-carousel-slide\"><a href=\"https:\/\/www.ds.cz\/wp-content\/uploads\/2022\/08\/obr-3.png\" title=\"Fig. no. 3\"><img decoding=\"async\" src=\"https:\/\/www.ds.cz\/wp-content\/uploads\/2022\/08\/obr-3-162x170.png\" alt=\"Fig. no. 3\" \/><\/a><\/div><div class=\"su-carousel-slide\"><a href=\"https:\/\/www.ds.cz\/wp-content\/uploads\/2022\/08\/obr-4.png\" title=\"Fig. no. 4\"><img decoding=\"async\" src=\"https:\/\/www.ds.cz\/wp-content\/uploads\/2022\/08\/obr-4-162x170.png\" alt=\"Fig. no. 4\" \/><\/a><\/div><div class=\"su-carousel-slide\"><a href=\"https:\/\/www.ds.cz\/wp-content\/uploads\/2022\/08\/obr-5.png\" title=\"Fig. no. 5\"><img decoding=\"async\" src=\"https:\/\/www.ds.cz\/wp-content\/uploads\/2022\/08\/obr-5-162x170.png\" alt=\"Fig. no. 5\" \/><\/a><\/div><div class=\"su-carousel-slide\"><a href=\"https:\/\/www.ds.cz\/wp-content\/uploads\/2022\/08\/obr-6a-e1661756359549.png\" title=\"Fig. no. 6A\"><img decoding=\"async\" src=\"https:\/\/www.ds.cz\/wp-content\/uploads\/2022\/08\/obr-6a-e1661756359549.png\" alt=\"Fig. no. 6A\" \/><\/a><\/div><div class=\"su-carousel-slide\"><a href=\"https:\/\/www.ds.cz\/wp-content\/uploads\/2022\/08\/obr-6b.png\" title=\"Fig. no. 6B\"><img decoding=\"async\" src=\"https:\/\/www.ds.cz\/wp-content\/uploads\/2022\/08\/obr-6b-162x170.png\" alt=\"Fig. no. 6B\" \/><\/a><\/div><div class=\"su-carousel-slide\"><a href=\"https:\/\/www.ds.cz\/wp-content\/uploads\/2022\/08\/obr-7.png\" title=\"Fig. no. 7\"><img decoding=\"async\" src=\"https:\/\/www.ds.cz\/wp-content\/uploads\/2022\/08\/obr-7-162x170.png\" alt=\"Fig. no. 7\" \/><\/a><\/div><div class=\"su-carousel-slide\"><a href=\"https:\/\/www.ds.cz\/wp-content\/uploads\/2022\/08\/obr-8.png\" title=\"Fig. no. 8\"><img decoding=\"async\" src=\"https:\/\/www.ds.cz\/wp-content\/uploads\/2022\/08\/obr-8-162x170.png\" alt=\"Fig. no. 8\" \/><\/a><\/div><div class=\"su-carousel-slide\"><a href=\"https:\/\/www.ds.cz\/wp-content\/uploads\/2022\/08\/obr-9.png\" title=\"Fig. no. 9\"><img decoding=\"async\" src=\"https:\/\/www.ds.cz\/wp-content\/uploads\/2022\/08\/obr-9-162x170.png\" alt=\"Fig. no. 9\" \/><\/a><\/div><\/div><div class=\"su-carousel-nav\"><div class=\"su-carousel-direction\"><span class=\"su-carousel-prev\"><\/span><span class=\"su-carousel-next\"><\/span><\/div><div class=\"su-carousel-pagination\"><\/div><\/div><\/div>\n<\/div>\n<hr>\n<p>&nbsp;<\/p>\n<div style=\"background-color: #e9e9ea; width: 100%;\">\n<div style=\"padding: 30px 30px 30px 30px;\">\n<strong>Points of Interest:<\/strong><br \/>\n&nbsp;<\/p>\n<p style=\"line-height: 1.5em; text-align: justify; width: 95%;\">The address of the house \u201eMasarykovo n\u00e1b\u0159e\u017e\u00ed\u201c is the most frequently renamed embankment in Prague. It was first the Franz embankment (after the emperor Franz Josef), in 1912 it was Riegr, then Vltava, Heydrich and again Riegr, Gottwald and since 1990 it has had the name of the first Czech president T.G. Masaryk. <\/p>\n<p style=\"line-height: 1.5em; text-align: justify; width: 95%;\">The part of St. Adalbert\u2019s (Vojt\u011b\u0161sk\u00e1) quarter, which occupied the area along the river from Mysl\u00edkova street to the National Theatre, stood in the way of&nbsp;the&nbsp;planned connection of the embankment along the Vltava river. The river banks were unpaved and the whole area was often affected by floods that caused damage. So the sanitation passed relatively calmly, as the history of the district was not so turbulent compared to Josefov (the so called Jewish town of Prague). A raised embankment with a smaller floodplain was built. The new construction started opposite the \u0160t\u00edtkovsk\u00e1 water tower (next to today\u2019s Galeria M\u00e1nes building) and continued towards the theatre. The building of the insurance bank was the last completed in this block. The saying \u2018finis coronat opus\u2019 (the&nbsp;end&nbsp;crowns the work) was fulfilled (fig.no. 8).<\/p>\n<\/div>\n<\/div>\n<\/div>\n<\/div>\n<hr>\n<div class=\"su-expand su-expand-collapsed su-expand-link-style-default\" data-height=\"100\"><div class=\"su-expand-content su-u-trim\" style=\"color:#333333;max-height:100px;overflow:hidden\">\n&nbsp;<\/p>\n<p style=\"line-height: 1em; text-align: justify; width: 95%;\"><sup><sup>1<\/sup> Obr\u00e1zek \u010d. 1A  \u2013 Obytn\u00fd d\u016fm v ulici Na Struze, pr\u016fhled od Nov\u00fdch l\u00e1zn\u00ed, Autor nezn\u00e1m\u00fd, MMP, Obr\u00e1zek \u010d. 1B &#8211; Pohled do ulice Na Struze dnes<br \/>\n<sup>2<\/sup>  Obr\u00e1zek \u010d. 2 \u2013 Nov\u00e9 l\u00e1zn\u011b, pohled od zadn\u00edho traktu N\u00e1rodn\u00edho divadla, ulice Na Struze je vlevo, Autor nezn\u00e1m\u00fd MMP, Obr\u00e1zek \u010d. 3 \u2013 Nov\u00e9 l\u00e1zn\u011b \u2013 pohled z \u017dof\u00edna, Autor nezn\u00e1m\u00fd, MMP<br \/>\n<sup>3<\/sup> Obr\u00e1zek \u010d. 4 \u2013 Bour\u00e1n\u00ed Nov\u00fdch l\u00e1zn\u00ed, Autor nezn\u00e1m\u00fd MMP<br \/>\n<sup>4<\/sup> Obr\u00e1zek \u010d. 5 \u2013 Dobov\u00e1 pohlednice, https:\/\/www.starapraha.cz\/pohlednice-praha-vojtesska-ctvrt.php<br \/>\n<sup>5<\/sup> Obr\u00e1zek \u010d. 6A &#8211;  Detail pr\u016f\u010del\u00ed s kovov\u00fdmi plastikami, Obr\u00e1zek \u010d. 6B \u2013 Detail st\u0159echy s kom\u00edny a zdoben\u00edm<br \/>\n<sup>6<\/sup> Obr\u00e1zek \u010d. 7 \u2013 Hlavn\u00ed vchod do budovy<br \/>\n<sup>7<\/sup> Obr\u00e1zek \u010d. 8 \u2013 Dostavba budovy \u2013 pohled z mostu Legi\u00ed, Autor nezn\u00e1m\u00fd, MMP<br \/>\n&nbsp;<br \/>\nPra\u017esk\u00e9 domy vypr\u00e1v\u011bj\u00ed VIII \u2013 Josef Hrube\u0161<br \/>\nZmizel\u00e1 Praha \u2013 Vltava a jej\u00ed b\u0159ehy 1. d\u00edl \u2013 Kate\u0159ina Be\u010dkov\u00e1<br \/>\nUm\u011bleck\u00e9 pam\u00e1tky Prahy. D\u00edl 2., Nov\u00e9 M\u011bsto, Vy\u0161ehrad, Vinohrady \u2013 R\u016f\u017eena Ba\u0165kov\u00e1<br \/>\nPraha na dobov\u00fdch pohlednic\u00edch 1886 \u2013 1930 \u2013 Edmund Ori\u00e1n<\/p>\n<p>&nbsp;<br \/>\n<\/div><div class=\"su-expand-link su-expand-link-more\" style=\"text-align:center\"><a href=\"javascript:;\" style=\"color:#000000;border-color:#000000\"><i class=\"sui sui-chevron-down\" style=\"\" aria-label=\"\"><\/i><span style=\"border-color:#000000\">V\u00edce<\/span><\/a><\/div><div class=\"su-expand-link su-expand-link-less\" style=\"text-align:center\"><a href=\"javascript:;\" style=\"color:#000000;border-color:#000000\"><i class=\"sui sui-chevron-up\" style=\"\" aria-label=\"\"><\/i><span style=\"border-color:#000000\">M\u00e9n\u011b<\/span><\/a><\/div><\/div>\n<hr>","protected":false},"excerpt":{"rendered":"<p>&nbsp; Points of Interest: &nbsp; The address of the house \u201eMasarykovo n\u00e1b\u0159e\u017e\u00ed\u201c is the most frequently renamed embankment in Prague. It was first the<a class=\"moretag\" href=\"https:\/\/www.ds.cz\/en\/objekty-ds\/praha-1-nove-mesto\/masarykovo-nabr-224-32-praha-1\/\">Cel\u00fd \u010dl\u00e1nek<\/a><\/p>\n","protected":false},"author":2,"featured_media":0,"parent":1512,"menu_order":0,"comment_status":"closed","ping_status":"closed","template":"","meta":{"_acf_changed":false,"footnotes":""},"acf":[],"aioseo_notices":[],"_links":{"self":[{"href":"https:\/\/www.ds.cz\/en\/wp-json\/wp\/v2\/pages\/986"}],"collection":[{"href":"https:\/\/www.ds.cz\/en\/wp-json\/wp\/v2\/pages"}],"about":[{"href":"https:\/\/www.ds.cz\/en\/wp-json\/wp\/v2\/types\/page"}],"author":[{"embeddable":true,"href":"https:\/\/www.ds.cz\/en\/wp-json\/wp\/v2\/users\/2"}],"replies":[{"embeddable":true,"href":"https:\/\/www.ds.cz\/en\/wp-json\/wp\/v2\/comments?post=986"}],"version-history":[{"count":23,"href":"https:\/\/www.ds.cz\/en\/wp-json\/wp\/v2\/pages\/986\/revisions"}],"predecessor-version":[{"id":7827,"href":"https:\/\/www.ds.cz\/en\/wp-json\/wp\/v2\/pages\/986\/revisions\/7827"}],"up":[{"embeddable":true,"href":"https:\/\/www.ds.cz\/en\/wp-json\/wp\/v2\/pages\/1512"}],"wp:attachment":[{"href":"https:\/\/www.ds.cz\/en\/wp-json\/wp\/v2\/media?parent=986"}],"curies":[{"name":"wp","href":"https:\/\/api.w.org\/{rel}","templated":true}]}}