{"id":989,"date":"2019-05-02T16:54:34","date_gmt":"2019-05-02T14:54:34","guid":{"rendered":"https:\/\/www.ds.cz\/?page_id=989"},"modified":"2019-05-21T14:32:18","modified_gmt":"2019-05-21T12:32:18","slug":"vaclavske-nam-816-49-praha-1","status":"publish","type":"page","link":"https:\/\/www.ds.cz\/en\/objekty-ds\/praha-1-nove-mesto\/vaclavske-nam-816-49-praha-1\/","title":{"rendered":"(\u010cesky) V\u00e1clavsk\u00e9 n\u00e1m. 816\/49"},"content":{"rendered":"<p class=\"qtranxs-available-languages-message qtranxs-available-languages-message-en\">Sorry, this entry is only available in <a href=\"https:\/\/www.ds.cz\/cs\/wp-json\/wp\/v2\/pages\/989\" class=\"qtranxs-available-language-link qtranxs-available-language-link-cs\" title=\"\u010cesky\">Czech<\/a>.<\/p>","protected":false},"excerpt":{"rendered":"<p>Sorry, this entry is only available in Czech.<\/p>\n","protected":false},"author":2,"featured_media":0,"parent":1512,"menu_order":0,"comment_status":"closed","ping_status":"closed","template":"","meta":{"_acf_changed":false,"footnotes":""},"acf":[],"aioseo_notices":[],"_links":{"self":[{"href":"https:\/\/www.ds.cz\/en\/wp-json\/wp\/v2\/pages\/989"}],"collection":[{"href":"https:\/\/www.ds.cz\/en\/wp-json\/wp\/v2\/pages"}],"about":[{"href":"https:\/\/www.ds.cz\/en\/wp-json\/wp\/v2\/types\/page"}],"author":[{"embeddable":true,"href":"https:\/\/www.ds.cz\/en\/wp-json\/wp\/v2\/users\/2"}],"replies":[{"embeddable":true,"href":"https:\/\/www.ds.cz\/en\/wp-json\/wp\/v2\/comments?post=989"}],"version-history":[{"count":2,"href":"https:\/\/www.ds.cz\/en\/wp-json\/wp\/v2\/pages\/989\/revisions"}],"predecessor-version":[{"id":1190,"href":"https:\/\/www.ds.cz\/en\/wp-json\/wp\/v2\/pages\/989\/revisions\/1190"}],"up":[{"embeddable":true,"href":"https:\/\/www.ds.cz\/en\/wp-json\/wp\/v2\/pages\/1512"}],"wp:attachment":[{"href":"https:\/\/www.ds.cz\/en\/wp-json\/wp\/v2\/media?parent=989"}],"curies":[{"name":"wp","href":"https:\/\/api.w.org\/{rel}","templated":true}]}}